{"id":63012,"date":"2019-05-07T16:01:15","date_gmt":"2019-05-07T14:01:15","guid":{"rendered":"https:\/\/www.fundacionnaturgy.org\/producto\/ponencies-la-millora-de-la-qualitat-de-laire-a-les-ciutats-europees-brussel%c2%b7les\/"},"modified":"2020-02-27T15:54:57","modified_gmt":"2020-02-27T14:54:57","slug":"ponencies-la-millora-de-la-qualitat-de-laire-a-les-ciutats-europees-brussel%c2%b7les","status":"publish","type":"product","link":"https:\/\/www.fundacionnaturgy.org\/ca\/publicacion\/ponencies-la-millora-de-la-qualitat-de-laire-a-les-ciutats-europees-brussel%c2%b7les\/","title":{"rendered":"Pon\u00e8ncies \u201cLa millora de la qualitat de l\u2019aire a les ciutats europees\u201d. Brussel\u00b7les"},"content":{"rendered":"<p>Aqu\u00ed\u00a0pots trobar les pon\u00e8ncies\u00a0de la jornada\u00a0celebrada\u00a0a Brussel\u00b7les el dia\u00a07 de maig de 2019 sobre la qualitat de l\u2019aire, amb\u00a0la intervenci\u00f3\u00a0de: Nathalie Roebbel, Juan Azc\u00e1rate Lux\u00e1n, Martin Lutz i Guido Lanzani.<\/p>\n","protected":false},"excerpt":{"rendered":"<p>Aqu\u00ed pots trobar les pon\u00e8ncies de la jornada celebrada a Brussel\u00b7les el dia 7 de maig de 2019 sobre la qualitat de l\u2019aire, amb la intervenci\u00f3 de: Nathalie Roebbel, Juan Azc\u00e1rate Lux\u00e1n, Martin Lutz i Guido Lanzani.<\/p>\n","protected":false},"featured_media":61847,"template":"","meta":{"inline_featured_image":false},"categories":[1207],"content-type":[1170],"product_tag":[],"acf":[],"post_class":["post-63012","product","type-product","status-publish","has-post-thumbnail","hentry","category-qualitat-de-laire","content-type-ponencies","wordpress-sticky"],"_links":{"self":[{"href":"https:\/\/www.fundacionnaturgy.org\/ca\/wp-json\/wp\/v2\/product\/63012"}],"collection":[{"href":"https:\/\/www.fundacionnaturgy.org\/ca\/wp-json\/wp\/v2\/product"}],"about":[{"href":"https:\/\/www.fundacionnaturgy.org\/ca\/wp-json\/wp\/v2\/types\/product"}],"wp:featuredmedia":[{"embeddable":true,"href":"https:\/\/www.fundacionnaturgy.org\/ca\/wp-json\/wp\/v2\/media\/61847"}],"wp:attachment":[{"href":"https:\/\/www.fundacionnaturgy.org\/ca\/wp-json\/wp\/v2\/media?parent=63012"}],"wp:term":[{"taxonomy":"category","embeddable":true,"href":"https:\/\/www.fundacionnaturgy.org\/ca\/wp-json\/wp\/v2\/categories?post=63012"},{"taxonomy":"content-type","embeddable":true,"href":"https:\/\/www.fundacionnaturgy.org\/ca\/wp-json\/wp\/v2\/content-type?post=63012"},{"taxonomy":"product_tag","embeddable":true,"href":"https:\/\/www.fundacionnaturgy.org\/ca\/wp-json\/wp\/v2\/product_tag?post=63012"}],"curies":[{"name":"wp","href":"https:\/\/api.w.org\/{rel}","templated":true}]}}