{"id":63013,"date":"2019-04-09T17:25:52","date_gmt":"2019-04-09T15:25:52","guid":{"rendered":"https:\/\/www.fundacionnaturgy.org\/producto\/ponencies-leconomia-circular-i-la-transicio-energetica-pamplona\/"},"modified":"2020-02-27T15:55:04","modified_gmt":"2020-02-27T14:55:04","slug":"ponencies-leconomia-circular-i-la-transicio-energetica-pamplona","status":"publish","type":"product","link":"https:\/\/www.fundacionnaturgy.org\/ca\/publicacion\/ponencies-leconomia-circular-i-la-transicio-energetica-pamplona\/","title":{"rendered":"Pon\u00e8ncies \u201cL\u2019economia circular i la transici\u00f3 energ\u00e8tica\u201d. Pamplona"},"content":{"rendered":"<p>Aqu\u00ed pots trobar les pon\u00e8ncies de la jornada celebrada a Pamplona\u00a0el dia\u00a09 d\u2019abril de 2019 sobre\u00a0economia sostenible, amb la intervenci\u00f3 de:\u00a0Eva Garc\u00eda\u00a0Balaguer, Pablo\u00a0Ayesa, Andrea\u00a0Artajo, Miguel\u00a0\u00c1ngel\u00a0Paris\u00a0i Jos\u00e9\u00a0Arrancuadiaga.<\/p>\n","protected":false},"excerpt":{"rendered":"<p>Aqu\u00ed pots trobar les pon\u00e8ncies de la jornada celebrada a Pamplona el dia 9 d\u2019abril de 2019 sobre economia sostenible, amb la intervenci\u00f3 de: Eva Garc\u00eda Balaguer, Pablo Ayesa, Andrea Artajo, Miguel \u00c1ngel Paris i Jos\u00e9 Arrancuadiaga.<\/p>\n","protected":false},"featured_media":53940,"template":"","meta":{"inline_featured_image":false},"categories":[1208],"content-type":[1170],"product_tag":[],"acf":[],"post_class":["post-63013","product","type-product","status-publish","has-post-thumbnail","hentry","category-transicio-energetica","content-type-ponencies","wordpress-sticky"],"_links":{"self":[{"href":"https:\/\/www.fundacionnaturgy.org\/ca\/wp-json\/wp\/v2\/product\/63013"}],"collection":[{"href":"https:\/\/www.fundacionnaturgy.org\/ca\/wp-json\/wp\/v2\/product"}],"about":[{"href":"https:\/\/www.fundacionnaturgy.org\/ca\/wp-json\/wp\/v2\/types\/product"}],"wp:featuredmedia":[{"embeddable":true,"href":"https:\/\/www.fundacionnaturgy.org\/ca\/wp-json\/wp\/v2\/media\/53940"}],"wp:attachment":[{"href":"https:\/\/www.fundacionnaturgy.org\/ca\/wp-json\/wp\/v2\/media?parent=63013"}],"wp:term":[{"taxonomy":"category","embeddable":true,"href":"https:\/\/www.fundacionnaturgy.org\/ca\/wp-json\/wp\/v2\/categories?post=63013"},{"taxonomy":"content-type","embeddable":true,"href":"https:\/\/www.fundacionnaturgy.org\/ca\/wp-json\/wp\/v2\/content-type?post=63013"},{"taxonomy":"product_tag","embeddable":true,"href":"https:\/\/www.fundacionnaturgy.org\/ca\/wp-json\/wp\/v2\/product_tag?post=63013"}],"curies":[{"name":"wp","href":"https:\/\/api.w.org\/{rel}","templated":true}]}}