{"id":63014,"date":"2019-03-28T17:36:07","date_gmt":"2019-03-28T16:36:07","guid":{"rendered":"https:\/\/www.fundacionnaturgy.org\/producto\/ponencies-etiquetatge-ambiental-de-vehicles-i-gestio-de-la-contaminacio-urbana-madrid\/"},"modified":"2020-02-27T15:56:01","modified_gmt":"2020-02-27T14:56:01","slug":"ponencies-etiquetatge-ambiental-de-vehicles-i-gestio-de-la-contaminacio-urbana-madrid","status":"publish","type":"product","link":"https:\/\/www.fundacionnaturgy.org\/ca\/publicacion\/ponencies-etiquetatge-ambiental-de-vehicles-i-gestio-de-la-contaminacio-urbana-madrid\/","title":{"rendered":"Pon\u00e8ncies \u201cEtiquetatge ambiental de vehicles i gesti\u00f3 de la contaminaci\u00f3 urbana\u201d. Madrid"},"content":{"rendered":"<p>Aqu\u00ed pots trobar les pon\u00e8ncies de la jornada celebrada a Madrid\u00a0el dia\u00a028 de mar\u00e7 de 2019 sobre etiquetatge ambiental de vehicles,\u00a0amb la intervenci\u00f3 de:\u00a0Andr\u00e9s\u00a0Alastruey, Richard\u00a0Lofthouse, Luis\u00a0Fernando\u00a0Velasco, \u00c1ngeles\u00a0Crist\u00f3bal\u00a0i Ricardo\u00a0Vargas.<\/p>\n","protected":false},"excerpt":{"rendered":"<p>Aqu\u00ed pots trobar les pon\u00e8ncies de la jornada celebrada a Madrid\u00a0el dia 28 de mar\u00e7 de 2019 sobre etiquetatge ambiental de vehicles, amb la intervenci\u00f3 de: Andr\u00e9s Alastruey, Richard Lofthouse, Luis Fernando Velasco, \u00c1ngeles Crist\u00f3bal i Ricardo Vargas.<\/p>\n","protected":false},"featured_media":47209,"template":"","meta":{"inline_featured_image":false},"categories":[1201,1207],"content-type":[1170],"product_tag":[],"acf":[],"post_class":["post-63014","product","type-product","status-publish","has-post-thumbnail","hentry","category-energia-i-transport","category-qualitat-de-laire","content-type-ponencies","wordpress-sticky"],"_links":{"self":[{"href":"https:\/\/www.fundacionnaturgy.org\/ca\/wp-json\/wp\/v2\/product\/63014"}],"collection":[{"href":"https:\/\/www.fundacionnaturgy.org\/ca\/wp-json\/wp\/v2\/product"}],"about":[{"href":"https:\/\/www.fundacionnaturgy.org\/ca\/wp-json\/wp\/v2\/types\/product"}],"wp:featuredmedia":[{"embeddable":true,"href":"https:\/\/www.fundacionnaturgy.org\/ca\/wp-json\/wp\/v2\/media\/47209"}],"wp:attachment":[{"href":"https:\/\/www.fundacionnaturgy.org\/ca\/wp-json\/wp\/v2\/media?parent=63014"}],"wp:term":[{"taxonomy":"category","embeddable":true,"href":"https:\/\/www.fundacionnaturgy.org\/ca\/wp-json\/wp\/v2\/categories?post=63014"},{"taxonomy":"content-type","embeddable":true,"href":"https:\/\/www.fundacionnaturgy.org\/ca\/wp-json\/wp\/v2\/content-type?post=63014"},{"taxonomy":"product_tag","embeddable":true,"href":"https:\/\/www.fundacionnaturgy.org\/ca\/wp-json\/wp\/v2\/product_tag?post=63014"}],"curies":[{"name":"wp","href":"https:\/\/api.w.org\/{rel}","templated":true}]}}