{"id":63015,"date":"2019-03-12T17:44:28","date_gmt":"2019-03-12T16:44:28","guid":{"rendered":"https:\/\/www.fundacionnaturgy.org\/producto\/ponencies-transicions-energetiques-un-repte-mundial-madrid\/"},"modified":"2020-02-27T15:56:09","modified_gmt":"2020-02-27T14:56:09","slug":"ponencies-transicions-energetiques-un-repte-mundial-madrid","status":"publish","type":"product","link":"https:\/\/www.fundacionnaturgy.org\/ca\/publicacion\/ponencies-transicions-energetiques-un-repte-mundial-madrid\/","title":{"rendered":"Pon\u00e8ncies \u201cTransicions energ\u00e8tiques. Un repte mundial\u201d. Madrid"},"content":{"rendered":"<p>Aqu\u00ed pots trobar les pon\u00e8ncies de la jornada celebrada a Madrid el dia\u00a012 de mar\u00e7 de 2019 sobre\u00a0transici\u00f3 energ\u00e8tica, amb la intervenci\u00f3 de:\u00a0Paul\u00a0Simons, Christoph\u00a0Burger\u00a0i Lola\u00a0Vallejo.<\/p>\n","protected":false},"excerpt":{"rendered":"<p>Aqu\u00ed pots trobar les pon\u00e8ncies de la jornada celebrada a Madrid el dia 12 de mar\u00e7 de 2019 sobre transici\u00f3 energ\u00e8tica, amb la intervenci\u00f3 de: Paul Simons, Christoph Burger i Lola Vallejo.<\/p>\n","protected":false},"featured_media":57271,"template":"","meta":{"inline_featured_image":false},"categories":[1208],"content-type":[1170],"product_tag":[],"acf":[],"post_class":["post-63015","product","type-product","status-publish","has-post-thumbnail","hentry","category-transicio-energetica","content-type-ponencies","wordpress-sticky"],"_links":{"self":[{"href":"https:\/\/www.fundacionnaturgy.org\/ca\/wp-json\/wp\/v2\/product\/63015"}],"collection":[{"href":"https:\/\/www.fundacionnaturgy.org\/ca\/wp-json\/wp\/v2\/product"}],"about":[{"href":"https:\/\/www.fundacionnaturgy.org\/ca\/wp-json\/wp\/v2\/types\/product"}],"wp:featuredmedia":[{"embeddable":true,"href":"https:\/\/www.fundacionnaturgy.org\/ca\/wp-json\/wp\/v2\/media\/57271"}],"wp:attachment":[{"href":"https:\/\/www.fundacionnaturgy.org\/ca\/wp-json\/wp\/v2\/media?parent=63015"}],"wp:term":[{"taxonomy":"category","embeddable":true,"href":"https:\/\/www.fundacionnaturgy.org\/ca\/wp-json\/wp\/v2\/categories?post=63015"},{"taxonomy":"content-type","embeddable":true,"href":"https:\/\/www.fundacionnaturgy.org\/ca\/wp-json\/wp\/v2\/content-type?post=63015"},{"taxonomy":"product_tag","embeddable":true,"href":"https:\/\/www.fundacionnaturgy.org\/ca\/wp-json\/wp\/v2\/product_tag?post=63015"}],"curies":[{"name":"wp","href":"https:\/\/api.w.org\/{rel}","templated":true}]}}