{"id":63016,"date":"2019-02-05T17:49:16","date_gmt":"2019-02-05T16:49:16","guid":{"rendered":"https:\/\/www.fundacionnaturgy.org\/producto\/ponencies-el-gas-renovable-i-leconomia-circular-valladolid\/"},"modified":"2020-02-27T15:56:23","modified_gmt":"2020-02-27T14:56:23","slug":"ponencies-el-gas-renovable-i-leconomia-circular-valladolid","status":"publish","type":"product","link":"https:\/\/www.fundacionnaturgy.org\/ca\/publicacion\/ponencies-el-gas-renovable-i-leconomia-circular-valladolid\/","title":{"rendered":"Pon\u00e8ncies \u201cEl gas renovable i l\u2019economia circular\u201d. Valladolid"},"content":{"rendered":"<p>Aqu\u00ed pots trobar les pon\u00e8ncies de la jornada celebrada a Valladolid\u00a0el dia\u00a05 de febrer\u00a0de 2019 sobre\u00a0economia circular, amb la intervenci\u00f3 de:\u00a0Julio\u00a0Lequerica, Jes\u00fas\u00a0D\u00edez\u00a0V\u00e1zquez, Xavier\u00a0Flotats, Oscar\u00a0Hern\u00e1ndez, Marcelino\u00a0Chac\u00f3n, Rub\u00e9n\u00a0Rodr\u00edguez, Francisco Torres\u00a0i Raul\u00a0Mu\u00f1oz.<\/p>\n","protected":false},"excerpt":{"rendered":"<p>Aqu\u00ed pots trobar les pon\u00e8ncies de la jornada celebrada a Valladolid el dia 5 de febrer de 2019 sobre economia circular, amb la intervenci\u00f3 de: Julio Lequerica, Jes\u00fas D\u00edez V\u00e1zquez, Xavier Flotats, Oscar Hern\u00e1ndez, Marcelino Chac\u00f3n, Rub\u00e9n Rodr\u00edguez, Francisco Torres i Raul Mu\u00f1oz.<\/p>\n","protected":false},"featured_media":53940,"template":"","meta":{"inline_featured_image":false},"categories":[1202,1208],"content-type":[1170],"product_tag":[],"acf":[],"post_class":["post-63016","product","type-product","status-publish","has-post-thumbnail","hentry","category-energies-renovables","category-transicio-energetica","content-type-ponencies","wordpress-sticky"],"_links":{"self":[{"href":"https:\/\/www.fundacionnaturgy.org\/ca\/wp-json\/wp\/v2\/product\/63016"}],"collection":[{"href":"https:\/\/www.fundacionnaturgy.org\/ca\/wp-json\/wp\/v2\/product"}],"about":[{"href":"https:\/\/www.fundacionnaturgy.org\/ca\/wp-json\/wp\/v2\/types\/product"}],"wp:featuredmedia":[{"embeddable":true,"href":"https:\/\/www.fundacionnaturgy.org\/ca\/wp-json\/wp\/v2\/media\/53940"}],"wp:attachment":[{"href":"https:\/\/www.fundacionnaturgy.org\/ca\/wp-json\/wp\/v2\/media?parent=63016"}],"wp:term":[{"taxonomy":"category","embeddable":true,"href":"https:\/\/www.fundacionnaturgy.org\/ca\/wp-json\/wp\/v2\/categories?post=63016"},{"taxonomy":"content-type","embeddable":true,"href":"https:\/\/www.fundacionnaturgy.org\/ca\/wp-json\/wp\/v2\/content-type?post=63016"},{"taxonomy":"product_tag","embeddable":true,"href":"https:\/\/www.fundacionnaturgy.org\/ca\/wp-json\/wp\/v2\/product_tag?post=63016"}],"curies":[{"name":"wp","href":"https:\/\/api.w.org\/{rel}","templated":true}]}}