{"id":63490,"date":"2018-11-23T17:26:21","date_gmt":"2018-11-23T16:26:21","guid":{"rendered":"https:\/\/www.fundacionnaturgy.org\/producto\/ponencies-el-repte-de-la-pobresa-energetica-madrid\/"},"modified":"2020-02-27T15:56:34","modified_gmt":"2020-02-27T14:56:34","slug":"ponencies-el-repte-de-la-pobresa-energetica-madrid","status":"publish","type":"product","link":"https:\/\/www.fundacionnaturgy.org\/ca\/publicacion\/ponencies-el-repte-de-la-pobresa-energetica-madrid\/","title":{"rendered":"Pon\u00e8ncies &#8220;El repte de la pobresa energ\u00e8tica&#8221;. Madrid"},"content":{"rendered":"<p>Aqu\u00ed pots trobar les pon\u00e8ncies de la jornada celebrada a Madrid el dia 23 de novembre de 2018 sobre pobresa energ\u00e8tica, amb la intervenci\u00f3 de: Elsa Trujillo Balde, Efraim Centeno, Margarita de Lux\u00e1n, Ester Sevilla, Paloma Taltavull, Ute Dubois, Saska Petrova, Brenda Boardman i Eero Alio.<\/p>\n","protected":false},"excerpt":{"rendered":"<p>Aqu\u00ed pots trobar les pon\u00e8ncies de la jornada celebrada a Madrid el dia 23 de novembre de 2018 sobre pobresa energ\u00e8tica, amb la intervenci\u00f3 de: Elsa Trujillo Balde, Efraim Centeno, Margarita de Lux\u00e1n, Ester Sevilla, Paloma Taltavull, Ute Dubois, Saska Petrova, Brenda Boardman i Eero Alio.<\/p>\n","protected":false},"featured_media":50985,"template":"","meta":{"inline_featured_image":false},"categories":[1209],"content-type":[1170],"product_tag":[],"acf":[],"post_class":["post-63490","product","type-product","status-publish","has-post-thumbnail","hentry","category-vulnerabilitat-energetica","content-type-ponencies","wordpress-sticky"],"_links":{"self":[{"href":"https:\/\/www.fundacionnaturgy.org\/ca\/wp-json\/wp\/v2\/product\/63490"}],"collection":[{"href":"https:\/\/www.fundacionnaturgy.org\/ca\/wp-json\/wp\/v2\/product"}],"about":[{"href":"https:\/\/www.fundacionnaturgy.org\/ca\/wp-json\/wp\/v2\/types\/product"}],"wp:featuredmedia":[{"embeddable":true,"href":"https:\/\/www.fundacionnaturgy.org\/ca\/wp-json\/wp\/v2\/media\/50985"}],"wp:attachment":[{"href":"https:\/\/www.fundacionnaturgy.org\/ca\/wp-json\/wp\/v2\/media?parent=63490"}],"wp:term":[{"taxonomy":"category","embeddable":true,"href":"https:\/\/www.fundacionnaturgy.org\/ca\/wp-json\/wp\/v2\/categories?post=63490"},{"taxonomy":"content-type","embeddable":true,"href":"https:\/\/www.fundacionnaturgy.org\/ca\/wp-json\/wp\/v2\/content-type?post=63490"},{"taxonomy":"product_tag","embeddable":true,"href":"https:\/\/www.fundacionnaturgy.org\/ca\/wp-json\/wp\/v2\/product_tag?post=63490"}],"curies":[{"name":"wp","href":"https:\/\/api.w.org\/{rel}","templated":true}]}}