{"id":63491,"date":"2018-11-12T17:23:16","date_gmt":"2018-11-12T16:23:16","guid":{"rendered":"https:\/\/www.fundacionnaturgy.org\/producto\/ponencies-la-competitivitat-i-la-sostenibilitat-del-gas-natural-vehicular-barcelona\/"},"modified":"2020-02-27T15:57:31","modified_gmt":"2020-02-27T14:57:31","slug":"ponencies-la-competitivitat-i-la-sostenibilitat-del-gas-natural-vehicular-barcelona","status":"publish","type":"product","link":"https:\/\/www.fundacionnaturgy.org\/ca\/publicacion\/ponencies-la-competitivitat-i-la-sostenibilitat-del-gas-natural-vehicular-barcelona\/","title":{"rendered":"Pon\u00e8ncies &#8220;La competitivitat i la sostenibilitat del gas natural vehicular &#8220;. Barcelona"},"content":{"rendered":"<p>Aqu\u00ed pots trobar les pon\u00e8ncies de la jornada celebrada a Barcelona el dia 12 de novembre de 2018 sobre gas natural vehicular, amb la intervenci\u00f3 de: Antonio Calvo, Alejandro Guerra i Josep M. Armengol. Aqu\u00ed pots trobar les pon\u00e8ncies de la jornada celebrada a Barcelona el dia 12 de novembre de 2018 sobre gas natural vehicular, amb la intervenci\u00f3 de: Antonio Calvo, Alejandro Guerra i Josep M. Armengol.<\/p>\n","protected":false},"excerpt":{"rendered":"<p>Aqu\u00ed pots trobar les pon\u00e8ncies de la jornada celebrada a Barcelona el dia 12 de novembre de 2018 sobre gas natural vehicular, amb la intervenci\u00f3 de: Antonio Calvo, Alejandro Guerra i Josep M. Armengol.<\/p>\n","protected":false},"featured_media":53312,"template":"","meta":{"inline_featured_image":false},"categories":[1201],"content-type":[1170],"product_tag":[],"acf":[],"post_class":["post-63491","product","type-product","status-publish","has-post-thumbnail","hentry","category-energia-i-transport","content-type-ponencies","wordpress-sticky"],"_links":{"self":[{"href":"https:\/\/www.fundacionnaturgy.org\/ca\/wp-json\/wp\/v2\/product\/63491"}],"collection":[{"href":"https:\/\/www.fundacionnaturgy.org\/ca\/wp-json\/wp\/v2\/product"}],"about":[{"href":"https:\/\/www.fundacionnaturgy.org\/ca\/wp-json\/wp\/v2\/types\/product"}],"wp:featuredmedia":[{"embeddable":true,"href":"https:\/\/www.fundacionnaturgy.org\/ca\/wp-json\/wp\/v2\/media\/53312"}],"wp:attachment":[{"href":"https:\/\/www.fundacionnaturgy.org\/ca\/wp-json\/wp\/v2\/media?parent=63491"}],"wp:term":[{"taxonomy":"category","embeddable":true,"href":"https:\/\/www.fundacionnaturgy.org\/ca\/wp-json\/wp\/v2\/categories?post=63491"},{"taxonomy":"content-type","embeddable":true,"href":"https:\/\/www.fundacionnaturgy.org\/ca\/wp-json\/wp\/v2\/content-type?post=63491"},{"taxonomy":"product_tag","embeddable":true,"href":"https:\/\/www.fundacionnaturgy.org\/ca\/wp-json\/wp\/v2\/product_tag?post=63491"}],"curies":[{"name":"wp","href":"https:\/\/api.w.org\/{rel}","templated":true}]}}