{"id":63493,"date":"2018-11-07T17:16:46","date_gmt":"2018-11-07T16:16:46","guid":{"rendered":"https:\/\/www.fundacionnaturgy.org\/producto\/ponencies-energia-i-qualitat-de-laire-guadalajara\/"},"modified":"2020-02-27T15:57:37","modified_gmt":"2020-02-27T14:57:37","slug":"ponencies-energia-i-qualitat-de-laire-guadalajara","status":"publish","type":"product","link":"https:\/\/www.fundacionnaturgy.org\/ca\/publicacion\/ponencies-energia-i-qualitat-de-laire-guadalajara\/","title":{"rendered":"Pon\u00e8ncies &#8220;Energia i qualitat de l\u2019aire&#8221;. Guadalajara"},"content":{"rendered":"<p>Aqu\u00ed pots trobar les pon\u00e8ncies de la jornada celebrada a Guadalajara el dia 7 de novembre de 2018 sobre la qualitat de l\u2019aire, amb la intervenci\u00f3 de: Alberto Campos, Jes\u00fas de la Rosa, Cristina Linares, Bego\u00f1a Arti\u00f1ano, Carmen Frontaura i Angeles Crist\u00f3bal.<\/p>\n","protected":false},"excerpt":{"rendered":"<p>Aqu\u00ed pots trobar les pon\u00e8ncies de la jornada celebrada a Guadalajara el dia 7 de novembre de 2018 sobre la qualitat de l\u2019aire, amb la intervenci\u00f3 de: Alberto Campos, Jes\u00fas de la Rosa, Cristina Linares, Bego\u00f1a Arti\u00f1ano, Carmen Frontaura i Angeles Crist\u00f3bal.<\/p>\n","protected":false},"featured_media":48594,"template":"","meta":{"inline_featured_image":false},"categories":[1207],"content-type":[1170],"product_tag":[],"acf":[],"post_class":["post-63493","product","type-product","status-publish","has-post-thumbnail","hentry","category-qualitat-de-laire","content-type-ponencies","wordpress-sticky"],"_links":{"self":[{"href":"https:\/\/www.fundacionnaturgy.org\/ca\/wp-json\/wp\/v2\/product\/63493"}],"collection":[{"href":"https:\/\/www.fundacionnaturgy.org\/ca\/wp-json\/wp\/v2\/product"}],"about":[{"href":"https:\/\/www.fundacionnaturgy.org\/ca\/wp-json\/wp\/v2\/types\/product"}],"wp:featuredmedia":[{"embeddable":true,"href":"https:\/\/www.fundacionnaturgy.org\/ca\/wp-json\/wp\/v2\/media\/48594"}],"wp:attachment":[{"href":"https:\/\/www.fundacionnaturgy.org\/ca\/wp-json\/wp\/v2\/media?parent=63493"}],"wp:term":[{"taxonomy":"category","embeddable":true,"href":"https:\/\/www.fundacionnaturgy.org\/ca\/wp-json\/wp\/v2\/categories?post=63493"},{"taxonomy":"content-type","embeddable":true,"href":"https:\/\/www.fundacionnaturgy.org\/ca\/wp-json\/wp\/v2\/content-type?post=63493"},{"taxonomy":"product_tag","embeddable":true,"href":"https:\/\/www.fundacionnaturgy.org\/ca\/wp-json\/wp\/v2\/product_tag?post=63493"}],"curies":[{"name":"wp","href":"https:\/\/api.w.org\/{rel}","templated":true}]}}