{"id":63496,"date":"2018-10-16T12:27:49","date_gmt":"2018-10-16T10:27:49","guid":{"rendered":"https:\/\/www.fundacionnaturgy.org\/producto\/ponencies-energia-i-medi-ambient-al-mar-santander\/"},"modified":"2020-02-27T15:57:47","modified_gmt":"2020-02-27T14:57:47","slug":"ponencies-energia-i-medi-ambient-al-mar-santander","status":"publish","type":"product","link":"https:\/\/www.fundacionnaturgy.org\/ca\/publicacion\/ponencies-energia-i-medi-ambient-al-mar-santander\/","title":{"rendered":"Pon\u00e8ncies &#8220;Energia i medi ambient al mar&#8221;. Santander"},"content":{"rendered":"<p>Aqu\u00ed pots trobar les pon\u00e8ncies de la jornada celebrada a Santander el dia 16 d\u2019octubre de 2018 sobre energia al mar, amb la intervenci\u00f3 de: Raul Guanche, Be\u00f1at Sasnz, Enrique Espi, Alberto Jaraiz i Antonio Ma\u00f1es.<\/p>\n","protected":false},"excerpt":{"rendered":"<p>Aqu\u00ed pots trobar les pon\u00e8ncies de la jornada celebrada a Santander el dia 16 d\u2019octubre de 2018 sobre energia al mar, amb la intervenci\u00f3 de: Raul Guanche, Be\u00f1at Sasnz, Enrique Espi, Alberto Jaraiz i Antonio Ma\u00f1es.<\/p>\n","protected":false},"featured_media":47805,"template":"","meta":{"inline_featured_image":false},"categories":[1204,1205],"content-type":[1170],"product_tag":[],"acf":[],"post_class":["post-63496","product","type-product","status-publish","has-post-thumbnail","hentry","category-innovacio-tecnologica","category-medi-ambient","content-type-ponencies","wordpress-sticky"],"_links":{"self":[{"href":"https:\/\/www.fundacionnaturgy.org\/ca\/wp-json\/wp\/v2\/product\/63496"}],"collection":[{"href":"https:\/\/www.fundacionnaturgy.org\/ca\/wp-json\/wp\/v2\/product"}],"about":[{"href":"https:\/\/www.fundacionnaturgy.org\/ca\/wp-json\/wp\/v2\/types\/product"}],"wp:featuredmedia":[{"embeddable":true,"href":"https:\/\/www.fundacionnaturgy.org\/ca\/wp-json\/wp\/v2\/media\/47805"}],"wp:attachment":[{"href":"https:\/\/www.fundacionnaturgy.org\/ca\/wp-json\/wp\/v2\/media?parent=63496"}],"wp:term":[{"taxonomy":"category","embeddable":true,"href":"https:\/\/www.fundacionnaturgy.org\/ca\/wp-json\/wp\/v2\/categories?post=63496"},{"taxonomy":"content-type","embeddable":true,"href":"https:\/\/www.fundacionnaturgy.org\/ca\/wp-json\/wp\/v2\/content-type?post=63496"},{"taxonomy":"product_tag","embeddable":true,"href":"https:\/\/www.fundacionnaturgy.org\/ca\/wp-json\/wp\/v2\/product_tag?post=63496"}],"curies":[{"name":"wp","href":"https:\/\/api.w.org\/{rel}","templated":true}]}}