{"id":63498,"date":"2018-10-10T17:02:30","date_gmt":"2018-10-10T15:02:30","guid":{"rendered":"https:\/\/www.fundacionnaturgy.org\/producto\/ponencies-etiquetatge-ambiental-barcelona\/"},"modified":"2020-02-27T15:57:52","modified_gmt":"2020-02-27T14:57:52","slug":"ponencies-etiquetatge-ambiental-barcelona","status":"publish","type":"product","link":"https:\/\/www.fundacionnaturgy.org\/ca\/publicacion\/ponencies-etiquetatge-ambiental-barcelona\/","title":{"rendered":"Pon\u00e8ncies &#8220;Etiquetatge ambiental de vehicles i gesti\u00f3 de la contaminaci\u00f3 urbana&#8221;. Barcelona"},"content":{"rendered":"<p>Aqu\u00ed pots trobar les pon\u00e8ncies de la jornada celebrada a Barcelona el dia 10 d\u2019octubre de 2018 sobre etiquetatge ambiental, amb la intervenci\u00f3 de: Andr\u00e9s Alastruey, Nick Molden, Llu\u00eds Puerto, Mar\u00eda Fern\u00e1ndez-Amesto, Susana G\u00f3mez\u00a0i Merc\u00e8 Rius.<\/p>\n","protected":false},"excerpt":{"rendered":"<p>Aqu\u00ed pots trobar les pon\u00e8ncies de la jornada celebrada a Barcelona el dia 10 d\u2019octubre de 2018 sobre etiquetatge ambiental, amb la intervenci\u00f3 de: Andr\u00e9s Alastruey, Nick Molden, Llu\u00eds Puerto, Mar\u00eda Fern\u00e1ndez-Amesto, Susana G\u00f3mez\u00a0i Merc\u00e8 Rius.<\/p>\n","protected":false},"featured_media":47209,"template":"","meta":{"inline_featured_image":false},"categories":[1201,1205,1207],"content-type":[1170],"product_tag":[],"acf":[],"post_class":["post-63498","product","type-product","status-publish","has-post-thumbnail","hentry","category-energia-i-transport","category-medi-ambient","category-qualitat-de-laire","content-type-ponencies","wordpress-sticky"],"_links":{"self":[{"href":"https:\/\/www.fundacionnaturgy.org\/ca\/wp-json\/wp\/v2\/product\/63498"}],"collection":[{"href":"https:\/\/www.fundacionnaturgy.org\/ca\/wp-json\/wp\/v2\/product"}],"about":[{"href":"https:\/\/www.fundacionnaturgy.org\/ca\/wp-json\/wp\/v2\/types\/product"}],"wp:featuredmedia":[{"embeddable":true,"href":"https:\/\/www.fundacionnaturgy.org\/ca\/wp-json\/wp\/v2\/media\/47209"}],"wp:attachment":[{"href":"https:\/\/www.fundacionnaturgy.org\/ca\/wp-json\/wp\/v2\/media?parent=63498"}],"wp:term":[{"taxonomy":"category","embeddable":true,"href":"https:\/\/www.fundacionnaturgy.org\/ca\/wp-json\/wp\/v2\/categories?post=63498"},{"taxonomy":"content-type","embeddable":true,"href":"https:\/\/www.fundacionnaturgy.org\/ca\/wp-json\/wp\/v2\/content-type?post=63498"},{"taxonomy":"product_tag","embeddable":true,"href":"https:\/\/www.fundacionnaturgy.org\/ca\/wp-json\/wp\/v2\/product_tag?post=63498"}],"curies":[{"name":"wp","href":"https:\/\/api.w.org\/{rel}","templated":true}]}}