{"id":63500,"date":"2018-10-02T16:39:09","date_gmt":"2018-10-02T14:39:09","guid":{"rendered":"https:\/\/www.fundacionnaturgy.org\/producto\/ponencies-el-gas-renovable-reptes-i-oportunitats-logronyo\/"},"modified":"2020-02-27T15:57:58","modified_gmt":"2020-02-27T14:57:58","slug":"ponencies-el-gas-renovable-reptes-i-oportunitats-logronyo","status":"publish","type":"product","link":"https:\/\/www.fundacionnaturgy.org\/ca\/publicacion\/ponencies-el-gas-renovable-reptes-i-oportunitats-logronyo\/","title":{"rendered":"Pon\u00e8ncies &#8220;El gas renovable: reptes i oportunitats&#8221;. Logronyo"},"content":{"rendered":"<p>Aqu\u00ed pots trobar les pon\u00e8ncies de la jornada celebrada a Logronyo el dia 2 d\u2019octubre de 2018 sobre el gas renovable, amb la intervenci\u00f3 de: Xavier Flotats, Luis Puchades, Omy Rabetsimamanga, Miguel Angel Baquedano, Joan Ram\u00f3n Morante i Carmen Guinea.<\/p>\n","protected":false},"excerpt":{"rendered":"<p>Aqu\u00ed pots trobar les pon\u00e8ncies de la jornada celebrada a Logronyo el dia 2 d\u2019octubre de 2018 sobre el gas renovable, amb la intervenci\u00f3 de: Xavier Flotats, Luis Puchades, Omy Rabetsimamanga, Miguel Angel Baquedano, Joan Ram\u00f3n Morante i Carmen Guinea.<\/p>\n","protected":false},"featured_media":54069,"template":"","meta":{"inline_featured_image":false},"categories":[1202],"content-type":[1170],"product_tag":[],"acf":[],"post_class":["post-63500","product","type-product","status-publish","has-post-thumbnail","hentry","category-energies-renovables","content-type-ponencies","wordpress-sticky"],"_links":{"self":[{"href":"https:\/\/www.fundacionnaturgy.org\/ca\/wp-json\/wp\/v2\/product\/63500"}],"collection":[{"href":"https:\/\/www.fundacionnaturgy.org\/ca\/wp-json\/wp\/v2\/product"}],"about":[{"href":"https:\/\/www.fundacionnaturgy.org\/ca\/wp-json\/wp\/v2\/types\/product"}],"wp:featuredmedia":[{"embeddable":true,"href":"https:\/\/www.fundacionnaturgy.org\/ca\/wp-json\/wp\/v2\/media\/54069"}],"wp:attachment":[{"href":"https:\/\/www.fundacionnaturgy.org\/ca\/wp-json\/wp\/v2\/media?parent=63500"}],"wp:term":[{"taxonomy":"category","embeddable":true,"href":"https:\/\/www.fundacionnaturgy.org\/ca\/wp-json\/wp\/v2\/categories?post=63500"},{"taxonomy":"content-type","embeddable":true,"href":"https:\/\/www.fundacionnaturgy.org\/ca\/wp-json\/wp\/v2\/content-type?post=63500"},{"taxonomy":"product_tag","embeddable":true,"href":"https:\/\/www.fundacionnaturgy.org\/ca\/wp-json\/wp\/v2\/product_tag?post=63500"}],"curies":[{"name":"wp","href":"https:\/\/api.w.org\/{rel}","templated":true}]}}