{"id":63502,"date":"2018-06-12T16:37:12","date_gmt":"2018-06-12T14:37:12","guid":{"rendered":"https:\/\/www.fundacionnaturgy.org\/producto\/ponencies-dimensions-economiques-del-nou-model-energetic-pamplona\/"},"modified":"2020-02-27T15:58:10","modified_gmt":"2020-02-27T14:58:10","slug":"ponencies-dimensions-economiques-del-nou-model-energetic-pamplona","status":"publish","type":"product","link":"https:\/\/www.fundacionnaturgy.org\/ca\/publicacion\/ponencies-dimensions-economiques-del-nou-model-energetic-pamplona\/","title":{"rendered":"Pon\u00e8ncies &#8220;Dimensions econ\u00f2miques del nou model energ\u00e8tic&#8221;. Pamplona"},"content":{"rendered":"<p>Aqu\u00ed pots trobar les pon\u00e8ncies de la jornada celebrada a Pamplona el dia 12 de juny de 2018 sobre les dimensions econ\u00f2miques del nou model energ\u00e8tic, amb la intervenci\u00f3 de: Joan Batalla, Manuel Calvo, Javier Zardoya i Jos\u00e9 Pablo Chaves.<\/p>\n","protected":false},"excerpt":{"rendered":"<p>Aqu\u00ed pots trobar les pon\u00e8ncies de la jornada celebrada a Pamplona el dia 12 de juny de 2018 sobre les dimensions econ\u00f2miques del nou model energ\u00e8tic, amb la intervenci\u00f3 de: Joan Batalla, Manuel Calvo, Javier Zardoya i Jos\u00e9 Pablo Chaves.<\/p>\n","protected":false},"featured_media":43723,"template":"","meta":{"inline_featured_image":false},"categories":[1208],"content-type":[1170],"product_tag":[],"acf":[],"post_class":["post-63502","product","type-product","status-publish","has-post-thumbnail","hentry","category-transicio-energetica","content-type-ponencies","wordpress-sticky"],"_links":{"self":[{"href":"https:\/\/www.fundacionnaturgy.org\/ca\/wp-json\/wp\/v2\/product\/63502"}],"collection":[{"href":"https:\/\/www.fundacionnaturgy.org\/ca\/wp-json\/wp\/v2\/product"}],"about":[{"href":"https:\/\/www.fundacionnaturgy.org\/ca\/wp-json\/wp\/v2\/types\/product"}],"wp:featuredmedia":[{"embeddable":true,"href":"https:\/\/www.fundacionnaturgy.org\/ca\/wp-json\/wp\/v2\/media\/43723"}],"wp:attachment":[{"href":"https:\/\/www.fundacionnaturgy.org\/ca\/wp-json\/wp\/v2\/media?parent=63502"}],"wp:term":[{"taxonomy":"category","embeddable":true,"href":"https:\/\/www.fundacionnaturgy.org\/ca\/wp-json\/wp\/v2\/categories?post=63502"},{"taxonomy":"content-type","embeddable":true,"href":"https:\/\/www.fundacionnaturgy.org\/ca\/wp-json\/wp\/v2\/content-type?post=63502"},{"taxonomy":"product_tag","embeddable":true,"href":"https:\/\/www.fundacionnaturgy.org\/ca\/wp-json\/wp\/v2\/product_tag?post=63502"}],"curies":[{"name":"wp","href":"https:\/\/api.w.org\/{rel}","templated":true}]}}