{"id":63504,"date":"2018-05-14T16:35:26","date_gmt":"2018-05-14T14:35:26","guid":{"rendered":"https:\/\/www.fundacionnaturgy.org\/producto\/ponencies-smarts-ports-malaga\/"},"modified":"2020-02-27T15:58:17","modified_gmt":"2020-02-27T14:58:17","slug":"ponencies-smarts-ports-malaga","status":"publish","type":"product","link":"https:\/\/www.fundacionnaturgy.org\/ca\/publicacion\/ponencies-smarts-ports-malaga\/","title":{"rendered":"Pon\u00e8ncies &#8220;Smart Ports&#8221;. M\u00e0laga"},"content":{"rendered":"<p>Aqu\u00ed pots trobar les pon\u00e8ncies de la jornada celebrada a M\u00e0laga el dia 14 de maig de 2018 sobre els ports intel\u00b7ligents, amb la intervenci\u00f3 de: Jos\u00e9 M. Ruiz Ant\u00f3n, Josu Goiogama, Jos\u00e9 Andr\u00e9s Gim\u00e9nez, Francisco-Jos\u00e9 Gonz\u00e1lez-M\u00e9ndez, Xavier Sabat\u00e9, Jos\u00e9 M. G\u00f3mez, Sara Blanco, Crist\u00f3bal S\u00e1nchez i Manuel Guti\u00e9rrez.<\/p>\n","protected":false},"excerpt":{"rendered":"<p>Aqu\u00ed pots trobar les pon\u00e8ncies de la jornada celebrada a M\u00e0laga el dia 14 de maig de 2018 sobre els ports intel\u00b7ligents, amb la intervenci\u00f3 de: Jos\u00e9 M. Ruiz Ant\u00f3n, Josu Goiogama, Jos\u00e9 Andr\u00e9s Gim\u00e9nez, Francisco-Jos\u00e9 Gonz\u00e1lez-M\u00e9ndez, Xavier Sabat\u00e9, Jos\u00e9 M. G\u00f3mez, Sara Blanco, Crist\u00f3bal S\u00e1nchez i Manuel Guti\u00e9rrez.<\/p>\n","protected":false},"featured_media":50955,"template":"","meta":{"inline_featured_image":false},"categories":[1201],"content-type":[1170],"product_tag":[],"acf":[],"post_class":["post-63504","product","type-product","status-publish","has-post-thumbnail","hentry","category-energia-i-transport","content-type-ponencies","wordpress-sticky"],"_links":{"self":[{"href":"https:\/\/www.fundacionnaturgy.org\/ca\/wp-json\/wp\/v2\/product\/63504"}],"collection":[{"href":"https:\/\/www.fundacionnaturgy.org\/ca\/wp-json\/wp\/v2\/product"}],"about":[{"href":"https:\/\/www.fundacionnaturgy.org\/ca\/wp-json\/wp\/v2\/types\/product"}],"wp:featuredmedia":[{"embeddable":true,"href":"https:\/\/www.fundacionnaturgy.org\/ca\/wp-json\/wp\/v2\/media\/50955"}],"wp:attachment":[{"href":"https:\/\/www.fundacionnaturgy.org\/ca\/wp-json\/wp\/v2\/media?parent=63504"}],"wp:term":[{"taxonomy":"category","embeddable":true,"href":"https:\/\/www.fundacionnaturgy.org\/ca\/wp-json\/wp\/v2\/categories?post=63504"},{"taxonomy":"content-type","embeddable":true,"href":"https:\/\/www.fundacionnaturgy.org\/ca\/wp-json\/wp\/v2\/content-type?post=63504"},{"taxonomy":"product_tag","embeddable":true,"href":"https:\/\/www.fundacionnaturgy.org\/ca\/wp-json\/wp\/v2\/product_tag?post=63504"}],"curies":[{"name":"wp","href":"https:\/\/api.w.org\/{rel}","templated":true}]}}