{"id":63506,"date":"2018-04-10T16:31:13","date_gmt":"2018-04-10T14:31:13","guid":{"rendered":"https:\/\/www.fundacionnaturgy.org\/producto\/ponencies-energia-medi-ambient-i-industria-4-0-santiago-de-compostel%c2%b7la\/"},"modified":"2020-02-27T15:58:22","modified_gmt":"2020-02-27T14:58:22","slug":"ponencies-energia-medi-ambient-i-industria-4-0-santiago-de-compostel%c2%b7la","status":"publish","type":"product","link":"https:\/\/www.fundacionnaturgy.org\/ca\/publicacion\/ponencies-energia-medi-ambient-i-industria-4-0-santiago-de-compostel%c2%b7la\/","title":{"rendered":"Pon\u00e8ncies &#8220;Energia, medi ambient i ind\u00fastria 4.0&#8221;. Santiago de Compostel\u00b7la"},"content":{"rendered":"<p>Aqu\u00ed\u00a0pots trobar les pon\u00e8ncies\u00a0de la jornada\u00a0celebrada\u00a0a Santiago de Compostel\u00b7la el dia 10 d\u2019abril de 2018, sobre la ind\u00fastria 4.0 i l\u2019energia, amb\u00a0la intervenci\u00f3\u00a0de: Antoni Garell, V\u00edctor Rodr\u00edguez-Marqu\u00e9s i Gustavo Amann.<\/p>\n","protected":false},"excerpt":{"rendered":"<p>Aqu\u00ed\u00a0pots trobar les pon\u00e8ncies\u00a0de la jornada\u00a0celebrada\u00a0a Santiago de Compostel\u00b7la el dia 10 d\u2019abril de 2018, sobre la ind\u00fastria 4.0 i l\u2019energia, amb\u00a0la intervenci\u00f3\u00a0de: Antoni Garell, V\u00edctor Rodr\u00edguez-Marqu\u00e9s i Gustavo Amann.<\/p>\n","protected":false},"featured_media":60409,"template":"","meta":{"inline_featured_image":false},"categories":[1204],"content-type":[1170],"product_tag":[],"acf":[],"post_class":["post-63506","product","type-product","status-publish","has-post-thumbnail","hentry","category-innovacio-tecnologica","content-type-ponencies","wordpress-sticky"],"_links":{"self":[{"href":"https:\/\/www.fundacionnaturgy.org\/ca\/wp-json\/wp\/v2\/product\/63506"}],"collection":[{"href":"https:\/\/www.fundacionnaturgy.org\/ca\/wp-json\/wp\/v2\/product"}],"about":[{"href":"https:\/\/www.fundacionnaturgy.org\/ca\/wp-json\/wp\/v2\/types\/product"}],"wp:featuredmedia":[{"embeddable":true,"href":"https:\/\/www.fundacionnaturgy.org\/ca\/wp-json\/wp\/v2\/media\/60409"}],"wp:attachment":[{"href":"https:\/\/www.fundacionnaturgy.org\/ca\/wp-json\/wp\/v2\/media?parent=63506"}],"wp:term":[{"taxonomy":"category","embeddable":true,"href":"https:\/\/www.fundacionnaturgy.org\/ca\/wp-json\/wp\/v2\/categories?post=63506"},{"taxonomy":"content-type","embeddable":true,"href":"https:\/\/www.fundacionnaturgy.org\/ca\/wp-json\/wp\/v2\/content-type?post=63506"},{"taxonomy":"product_tag","embeddable":true,"href":"https:\/\/www.fundacionnaturgy.org\/ca\/wp-json\/wp\/v2\/product_tag?post=63506"}],"curies":[{"name":"wp","href":"https:\/\/api.w.org\/{rel}","templated":true}]}}