{"id":63508,"date":"2018-03-20T22:20:59","date_gmt":"2018-03-20T21:20:59","guid":{"rendered":"https:\/\/www.fundacionnaturgy.org\/producto\/ponencies-eficiencia-energetica-als-hotels-murcia\/"},"modified":"2020-02-27T15:58:28","modified_gmt":"2020-02-27T14:58:28","slug":"ponencies-eficiencia-energetica-als-hotels-murcia","status":"publish","type":"product","link":"https:\/\/www.fundacionnaturgy.org\/ca\/publicacion\/ponencies-eficiencia-energetica-als-hotels-murcia\/","title":{"rendered":"Pon\u00e8ncies &#8220;Efici\u00e8ncia energ\u00e8tica als hotels&#8221;. M\u00farcia"},"content":{"rendered":"<p>Aqu\u00ed pots trobar les pon\u00e8ncies de la jornada celebrada a M\u00farcia el dia 20 de mar\u00e7 de 2018, sobre la gesti\u00f3 hotelera m\u00e9s eficient amb el consum d\u2019energia, amb la intervenci\u00f3 de: Ricard Santom\u00e0, Joaqu\u00edn Abenza, Roger Marcos, Jos\u00e9 Benito, Pedro Brieva i Eduard Coloma.<\/p>\n","protected":false},"excerpt":{"rendered":"<p>Aqu\u00ed pots trobar les pon\u00e8ncies de la jornada celebrada a M\u00farcia el dia 20 de mar\u00e7 de 2018, sobre la gesti\u00f3 hotelera m\u00e9s eficient amb el consum d\u2019energia, amb la intervenci\u00f3 de: Ricard Santom\u00e0, Joaqu\u00edn Abenza, Roger Marcos, Jos\u00e9 Benito, Pedro Brieva i Eduard Coloma.<\/p>\n","protected":false},"featured_media":41624,"template":"","meta":{"inline_featured_image":false},"categories":[1200],"content-type":[1170],"product_tag":[],"acf":[],"post_class":["post-63508","product","type-product","status-publish","has-post-thumbnail","hentry","category-eficiencia-energetica-ca","content-type-ponencies","wordpress-sticky"],"_links":{"self":[{"href":"https:\/\/www.fundacionnaturgy.org\/ca\/wp-json\/wp\/v2\/product\/63508"}],"collection":[{"href":"https:\/\/www.fundacionnaturgy.org\/ca\/wp-json\/wp\/v2\/product"}],"about":[{"href":"https:\/\/www.fundacionnaturgy.org\/ca\/wp-json\/wp\/v2\/types\/product"}],"wp:featuredmedia":[{"embeddable":true,"href":"https:\/\/www.fundacionnaturgy.org\/ca\/wp-json\/wp\/v2\/media\/41624"}],"wp:attachment":[{"href":"https:\/\/www.fundacionnaturgy.org\/ca\/wp-json\/wp\/v2\/media?parent=63508"}],"wp:term":[{"taxonomy":"category","embeddable":true,"href":"https:\/\/www.fundacionnaturgy.org\/ca\/wp-json\/wp\/v2\/categories?post=63508"},{"taxonomy":"content-type","embeddable":true,"href":"https:\/\/www.fundacionnaturgy.org\/ca\/wp-json\/wp\/v2\/content-type?post=63508"},{"taxonomy":"product_tag","embeddable":true,"href":"https:\/\/www.fundacionnaturgy.org\/ca\/wp-json\/wp\/v2\/product_tag?post=63508"}],"curies":[{"name":"wp","href":"https:\/\/api.w.org\/{rel}","templated":true}]}}