{"id":63510,"date":"2018-03-06T22:14:46","date_gmt":"2018-03-06T21:14:46","guid":{"rendered":"https:\/\/www.fundacionnaturgy.org\/producto\/ponencies-el-gas-natural-vehicular-valladolid\/"},"modified":"2020-02-27T15:58:35","modified_gmt":"2020-02-27T14:58:35","slug":"ponencies-el-gas-natural-vehicular-valladolid","status":"publish","type":"product","link":"https:\/\/www.fundacionnaturgy.org\/ca\/publicacion\/ponencies-el-gas-natural-vehicular-valladolid\/","title":{"rendered":"Pon\u00e8ncies &#8220;El gas natural vehicular&#8221;. Valladolid"},"content":{"rendered":"<p>Aqu\u00ed pots trobar les pon\u00e8ncies de la jornada celebrada a Valladolid el dia 6 de mar\u00e7 de 2018, sobre la millora de la qualitat de l\u2019aire a les ciutats, amb la intervenci\u00f3 de: Jose M. Baldasano, Roberto Getino, Ram\u00f3n Calder\u00f3n, Juan \u00c1ngel Terr\u00f3n, May L\u00f3pez, Paulino Benito i Josep Compte.<\/p>\n","protected":false},"excerpt":{"rendered":"<p>Aqu\u00ed pots trobar les pon\u00e8ncies de la jornada celebrada a Valladolid el dia 6 de mar\u00e7 de 2018, sobre la millora de la qualitat de l\u2019aire a les ciutats, amb la intervenci\u00f3 de: Jose M. Baldasano, Roberto Getino, Ram\u00f3n Calder\u00f3n, Juan \u00c1ngel Terr\u00f3n, May L\u00f3pez, Paulino Benito i Josep Compte.<\/p>\n","protected":false},"featured_media":51056,"template":"","meta":{"inline_featured_image":false},"categories":[1201,1207],"content-type":[1170],"product_tag":[],"acf":[],"post_class":["post-63510","product","type-product","status-publish","has-post-thumbnail","hentry","category-energia-i-transport","category-qualitat-de-laire","content-type-ponencies","wordpress-sticky"],"_links":{"self":[{"href":"https:\/\/www.fundacionnaturgy.org\/ca\/wp-json\/wp\/v2\/product\/63510"}],"collection":[{"href":"https:\/\/www.fundacionnaturgy.org\/ca\/wp-json\/wp\/v2\/product"}],"about":[{"href":"https:\/\/www.fundacionnaturgy.org\/ca\/wp-json\/wp\/v2\/types\/product"}],"wp:featuredmedia":[{"embeddable":true,"href":"https:\/\/www.fundacionnaturgy.org\/ca\/wp-json\/wp\/v2\/media\/51056"}],"wp:attachment":[{"href":"https:\/\/www.fundacionnaturgy.org\/ca\/wp-json\/wp\/v2\/media?parent=63510"}],"wp:term":[{"taxonomy":"category","embeddable":true,"href":"https:\/\/www.fundacionnaturgy.org\/ca\/wp-json\/wp\/v2\/categories?post=63510"},{"taxonomy":"content-type","embeddable":true,"href":"https:\/\/www.fundacionnaturgy.org\/ca\/wp-json\/wp\/v2\/content-type?post=63510"},{"taxonomy":"product_tag","embeddable":true,"href":"https:\/\/www.fundacionnaturgy.org\/ca\/wp-json\/wp\/v2\/product_tag?post=63510"}],"curies":[{"name":"wp","href":"https:\/\/api.w.org\/{rel}","templated":true}]}}