{"id":63512,"date":"2018-11-22T22:02:06","date_gmt":"2018-11-22T21:02:06","guid":{"rendered":"https:\/\/www.fundacionnaturgy.org\/producto\/ponencies-mobilitat-amb-gas-natural-la-solucio-per-al-brasil\/"},"modified":"2020-02-27T15:56:39","modified_gmt":"2020-02-27T14:56:39","slug":"ponencies-mobilitat-amb-gas-natural-la-solucio-per-al-brasil","status":"publish","type":"product","link":"https:\/\/www.fundacionnaturgy.org\/ca\/publicacion\/ponencies-mobilitat-amb-gas-natural-la-solucio-per-al-brasil\/","title":{"rendered":"Pon\u00e8ncies &#8220;Mobilitat amb gas natural: la soluci\u00f3 per al Brasil&#8221;. Rio de Janeiro"},"content":{"rendered":"<p>Aqu\u00ed pots trobar les pon\u00e8ncies de la jornada celebrada els dies 22 i 23 de novembre de 2018, sobre les solucions tecnol\u00f2giques i els beneficis ambientals i econ\u00f2mics de l\u2019\u00fas del gas natural. An\u00e0lisi del seu \u00fas en el transport privat, p\u00fablic i de mercaderies i el marc legal al Brasil.<\/p>\n<div class=\"off-canvas-wrap\" data-offcanvas=\"\"><\/div>\n","protected":false},"excerpt":{"rendered":"<p>Aqu\u00ed pots trobar les pon\u00e8ncies de la jornada celebrada els dies 22 i 23 de novembre de 2018, sobre les solucions tecnol\u00f2giques i els beneficis ambientals i econ\u00f2mics de l\u2019\u00fas del gas natural. An\u00e0lisi del seu \u00fas en el transport privat, p\u00fablic i de mercaderies i el marc legal al Brasil.<\/p>\n","protected":false},"featured_media":51045,"template":"","meta":{"inline_featured_image":false},"categories":[1201,1207],"content-type":[1170],"product_tag":[],"acf":[],"post_class":["post-63512","product","type-product","status-publish","has-post-thumbnail","hentry","category-energia-i-transport","category-qualitat-de-laire","content-type-ponencies","wordpress-sticky"],"_links":{"self":[{"href":"https:\/\/www.fundacionnaturgy.org\/ca\/wp-json\/wp\/v2\/product\/63512"}],"collection":[{"href":"https:\/\/www.fundacionnaturgy.org\/ca\/wp-json\/wp\/v2\/product"}],"about":[{"href":"https:\/\/www.fundacionnaturgy.org\/ca\/wp-json\/wp\/v2\/types\/product"}],"wp:featuredmedia":[{"embeddable":true,"href":"https:\/\/www.fundacionnaturgy.org\/ca\/wp-json\/wp\/v2\/media\/51045"}],"wp:attachment":[{"href":"https:\/\/www.fundacionnaturgy.org\/ca\/wp-json\/wp\/v2\/media?parent=63512"}],"wp:term":[{"taxonomy":"category","embeddable":true,"href":"https:\/\/www.fundacionnaturgy.org\/ca\/wp-json\/wp\/v2\/categories?post=63512"},{"taxonomy":"content-type","embeddable":true,"href":"https:\/\/www.fundacionnaturgy.org\/ca\/wp-json\/wp\/v2\/content-type?post=63512"},{"taxonomy":"product_tag","embeddable":true,"href":"https:\/\/www.fundacionnaturgy.org\/ca\/wp-json\/wp\/v2\/product_tag?post=63512"}],"curies":[{"name":"wp","href":"https:\/\/api.w.org\/{rel}","templated":true}]}}