{"id":63514,"date":"2018-09-27T16:54:23","date_gmt":"2018-09-27T14:54:23","guid":{"rendered":"https:\/\/www.fundacionnaturgy.org\/producto\/ponencies-el-nou-consumidor-denergia-saragossa\/"},"modified":"2020-02-27T15:58:04","modified_gmt":"2020-02-27T14:58:04","slug":"ponencies-el-nou-consumidor-denergia-saragossa","status":"publish","type":"product","link":"https:\/\/www.fundacionnaturgy.org\/ca\/publicacion\/ponencies-el-nou-consumidor-denergia-saragossa\/","title":{"rendered":"Pon\u00e8ncies &#8220;El nou consumidor d&#8217;energia&#8221;. Saragossa"},"content":{"rendered":"<p>Aqu\u00ed pots trobar les pon\u00e8ncies de la jornada celebrada a Pamplona el dia 27 de setembre de 2018 sobre les caracter\u00edstiques del nou consumidor d\u2019energia, amb la intervenci\u00f3 de: \u00c1lvaro Polo, Juan Bogas, Joaquim Daura, Cristina Linares i Cecilia Foronda.<\/p>\n","protected":false},"excerpt":{"rendered":"<p>Aqu\u00ed pots trobar les pon\u00e8ncies de la jornada celebrada a Pamplona el dia 27 de setembre de 2018 sobre les caracter\u00edstiques del nou consumidor d\u2019energia, amb la intervenci\u00f3 de: \u00c1lvaro Polo, Juan Bogas, Joaquim Daura, Cristina Linares i Cecilia Foronda.<\/p>\n","protected":false},"featured_media":46775,"template":"","meta":{"inline_featured_image":false},"categories":[1208],"content-type":[1170],"product_tag":[],"acf":[],"post_class":["post-63514","product","type-product","status-publish","has-post-thumbnail","hentry","category-transicio-energetica","content-type-ponencies","wordpress-sticky"],"_links":{"self":[{"href":"https:\/\/www.fundacionnaturgy.org\/ca\/wp-json\/wp\/v2\/product\/63514"}],"collection":[{"href":"https:\/\/www.fundacionnaturgy.org\/ca\/wp-json\/wp\/v2\/product"}],"about":[{"href":"https:\/\/www.fundacionnaturgy.org\/ca\/wp-json\/wp\/v2\/types\/product"}],"wp:featuredmedia":[{"embeddable":true,"href":"https:\/\/www.fundacionnaturgy.org\/ca\/wp-json\/wp\/v2\/media\/46775"}],"wp:attachment":[{"href":"https:\/\/www.fundacionnaturgy.org\/ca\/wp-json\/wp\/v2\/media?parent=63514"}],"wp:term":[{"taxonomy":"category","embeddable":true,"href":"https:\/\/www.fundacionnaturgy.org\/ca\/wp-json\/wp\/v2\/categories?post=63514"},{"taxonomy":"content-type","embeddable":true,"href":"https:\/\/www.fundacionnaturgy.org\/ca\/wp-json\/wp\/v2\/content-type?post=63514"},{"taxonomy":"product_tag","embeddable":true,"href":"https:\/\/www.fundacionnaturgy.org\/ca\/wp-json\/wp\/v2\/product_tag?post=63514"}],"curies":[{"name":"wp","href":"https:\/\/api.w.org\/{rel}","templated":true}]}}