{"id":63520,"date":"2018-01-23T20:58:06","date_gmt":"2018-01-23T19:58:06","guid":{"rendered":"https:\/\/www.fundacionnaturgy.org\/producto\/ponencies-dimensions-economiques-del-nou-model-energetic-barcelona\/"},"modified":"2020-02-27T15:59:43","modified_gmt":"2020-02-27T14:59:43","slug":"ponencies-dimensions-economiques-del-nou-model-energetic-barcelona","status":"publish","type":"product","link":"https:\/\/www.fundacionnaturgy.org\/ca\/publicacion\/ponencies-dimensions-economiques-del-nou-model-energetic-barcelona\/","title":{"rendered":"Pon\u00e8ncies &#8220;Dimensions econ\u00f2miques del nou model energ\u00e8tic&#8221;. Barcelona"},"content":{"rendered":"<p>Aqu\u00ed pots trobar les pon\u00e8ncies de la jornada celebrada a Barcelona el dia 23 de gener de 2018, sobre la visi\u00f3 macro i micro de la transici\u00f3 energ\u00e8tica, amb la intervenci\u00f3 de: Mariano Marzo i Juan Antonio L\u00f3pez.<\/p>\n","protected":false},"excerpt":{"rendered":"<p>Aqu\u00ed pots trobar les pon\u00e8ncies de la jornada celebrada a Barcelona el dia 23 de gener de 2018, sobre la visi\u00f3 macro i micro de la transici\u00f3 energ\u00e8tica, amb la intervenci\u00f3 de: Mariano Marzo i Juan Antonio L\u00f3pez.<\/p>\n","protected":false},"featured_media":33880,"template":"","meta":{"inline_featured_image":false},"categories":[1208],"content-type":[1170],"product_tag":[],"acf":[],"post_class":["post-63520","product","type-product","status-publish","has-post-thumbnail","hentry","category-transicio-energetica","content-type-ponencies","wordpress-sticky"],"_links":{"self":[{"href":"https:\/\/www.fundacionnaturgy.org\/ca\/wp-json\/wp\/v2\/product\/63520"}],"collection":[{"href":"https:\/\/www.fundacionnaturgy.org\/ca\/wp-json\/wp\/v2\/product"}],"about":[{"href":"https:\/\/www.fundacionnaturgy.org\/ca\/wp-json\/wp\/v2\/types\/product"}],"wp:featuredmedia":[{"embeddable":true,"href":"https:\/\/www.fundacionnaturgy.org\/ca\/wp-json\/wp\/v2\/media\/33880"}],"wp:attachment":[{"href":"https:\/\/www.fundacionnaturgy.org\/ca\/wp-json\/wp\/v2\/media?parent=63520"}],"wp:term":[{"taxonomy":"category","embeddable":true,"href":"https:\/\/www.fundacionnaturgy.org\/ca\/wp-json\/wp\/v2\/categories?post=63520"},{"taxonomy":"content-type","embeddable":true,"href":"https:\/\/www.fundacionnaturgy.org\/ca\/wp-json\/wp\/v2\/content-type?post=63520"},{"taxonomy":"product_tag","embeddable":true,"href":"https:\/\/www.fundacionnaturgy.org\/ca\/wp-json\/wp\/v2\/product_tag?post=63520"}],"curies":[{"name":"wp","href":"https:\/\/api.w.org\/{rel}","templated":true}]}}