{"id":63522,"date":"2018-02-06T22:18:41","date_gmt":"2018-02-06T21:18:41","guid":{"rendered":"https:\/\/www.fundacionnaturgy.org\/producto\/ponencies-energia-medi-ambient-i-industria-4-0-valencia\/"},"modified":"2020-02-27T15:58:40","modified_gmt":"2020-02-27T14:58:40","slug":"ponencies-energia-medi-ambient-i-industria-4-0-valencia","status":"publish","type":"product","link":"https:\/\/www.fundacionnaturgy.org\/ca\/publicacion\/ponencies-energia-medi-ambient-i-industria-4-0-valencia\/","title":{"rendered":"Pon\u00e8ncies &#8220;Energia, medi ambient i ind\u00fastria 4.0&#8221;. Val\u00e8ncia"},"content":{"rendered":"<p>Aqu\u00ed pots trobar les pon\u00e8ncies de la jornada celebrada a Val\u00e8ncia el dia 6 de febrer de 2018, sobre com la ind\u00fastria 4.0 pot millorar la gesti\u00f3 energ\u00e8tica i ambiental,\u00a0amb la intervenci\u00f3 de: Antoni Garrell, Roberto Mil\u00e1n, Jes\u00fas Chapado, Andr\u00e9s Lluna, Ana Mezquita i Javier M\u00ednguez.<\/p>\n","protected":false},"excerpt":{"rendered":"<p>Aqu\u00ed pots trobar les pon\u00e8ncies de la jornada celebrada a Val\u00e8ncia el dia 6 de febrer de 2018, sobre com la ind\u00fastria 4.0 pot millorar la gesti\u00f3 energ\u00e8tica i ambiental,\u00a0amb la intervenci\u00f3 de: Antoni Garrell, Roberto Mil\u00e1n, Jes\u00fas Chapado, Andr\u00e9s Lluna, Ana Mezquita i Javier M\u00ednguez.<\/p>\n","protected":false},"featured_media":40690,"template":"","meta":{"inline_featured_image":false},"categories":[1204],"content-type":[1170],"product_tag":[],"acf":[],"post_class":["post-63522","product","type-product","status-publish","has-post-thumbnail","hentry","category-innovacio-tecnologica","content-type-ponencies","wordpress-sticky"],"_links":{"self":[{"href":"https:\/\/www.fundacionnaturgy.org\/ca\/wp-json\/wp\/v2\/product\/63522"}],"collection":[{"href":"https:\/\/www.fundacionnaturgy.org\/ca\/wp-json\/wp\/v2\/product"}],"about":[{"href":"https:\/\/www.fundacionnaturgy.org\/ca\/wp-json\/wp\/v2\/types\/product"}],"wp:featuredmedia":[{"embeddable":true,"href":"https:\/\/www.fundacionnaturgy.org\/ca\/wp-json\/wp\/v2\/media\/40690"}],"wp:attachment":[{"href":"https:\/\/www.fundacionnaturgy.org\/ca\/wp-json\/wp\/v2\/media?parent=63522"}],"wp:term":[{"taxonomy":"category","embeddable":true,"href":"https:\/\/www.fundacionnaturgy.org\/ca\/wp-json\/wp\/v2\/categories?post=63522"},{"taxonomy":"content-type","embeddable":true,"href":"https:\/\/www.fundacionnaturgy.org\/ca\/wp-json\/wp\/v2\/content-type?post=63522"},{"taxonomy":"product_tag","embeddable":true,"href":"https:\/\/www.fundacionnaturgy.org\/ca\/wp-json\/wp\/v2\/product_tag?post=63522"}],"curies":[{"name":"wp","href":"https:\/\/api.w.org\/{rel}","templated":true}]}}