{"id":63879,"date":"2018-11-07T12:22:36","date_gmt":"2018-11-07T11:22:36","guid":{"rendered":"https:\/\/www.fundacionnaturgy.org\/?post_type=product&#038;p=63879"},"modified":"2019-07-08T12:33:20","modified_gmt":"2019-07-08T10:33:20","slug":"ponencies-el-mercat-electric-espanyol-i-la-transicio-energetica-tarragona","status":"publish","type":"product","link":"https:\/\/www.fundacionnaturgy.org\/ca\/publicacion\/ponencies-el-mercat-electric-espanyol-i-la-transicio-energetica-tarragona\/","title":{"rendered":"Pon\u00e8ncies &#8220;El mercat el\u00e8ctric espanyol i la transici\u00f3 energ\u00e8tica&#8221;. Tarragona"},"content":{"rendered":"<p>Aqu\u00ed pots trobar les pon\u00e8ncies de la jornada celebrada a la Corunya el dia 7 de novembre de 2018 sobre habilitats directives per a l\u2019exportaci\u00f3, amb la intervenci\u00f3 de: Daniel Cerqueiro, Emili Segura, Matilde D\u00edaz Fojo, Jos\u00e9 Manuel Fuentes i Marcos Abollado.<\/p>\n","protected":false},"excerpt":{"rendered":"<p>Aqu\u00ed pots trobar les pon\u00e8ncies de la jornada celebrada a la Corunya el dia 7 de novembre de 2018 sobre habilitats directives per a l\u2019exportaci\u00f3, amb la intervenci\u00f3 de: Daniel<span class=\"more-link\"><a href=\"https:\/\/www.fundacionnaturgy.org\/ca\/publicacion\/ponencies-el-mercat-electric-espanyol-i-la-transicio-energetica-tarragona\/\">Llegir m\u00e9s<\/a><\/span><\/p>\n","protected":false},"featured_media":0,"template":"","meta":{"inline_featured_image":false},"categories":[],"content-type":[],"product_tag":[],"acf":[],"post_class":["post-63879","product","type-product","status-publish","hentry","wordpress-sticky"],"_links":{"self":[{"href":"https:\/\/www.fundacionnaturgy.org\/ca\/wp-json\/wp\/v2\/product\/63879"}],"collection":[{"href":"https:\/\/www.fundacionnaturgy.org\/ca\/wp-json\/wp\/v2\/product"}],"about":[{"href":"https:\/\/www.fundacionnaturgy.org\/ca\/wp-json\/wp\/v2\/types\/product"}],"wp:attachment":[{"href":"https:\/\/www.fundacionnaturgy.org\/ca\/wp-json\/wp\/v2\/media?parent=63879"}],"wp:term":[{"taxonomy":"category","embeddable":true,"href":"https:\/\/www.fundacionnaturgy.org\/ca\/wp-json\/wp\/v2\/categories?post=63879"},{"taxonomy":"content-type","embeddable":true,"href":"https:\/\/www.fundacionnaturgy.org\/ca\/wp-json\/wp\/v2\/content-type?post=63879"},{"taxonomy":"product_tag","embeddable":true,"href":"https:\/\/www.fundacionnaturgy.org\/ca\/wp-json\/wp\/v2\/product_tag?post=63879"}],"curies":[{"name":"wp","href":"https:\/\/api.w.org\/{rel}","templated":true}]}}