{"id":63880,"date":"2017-06-21T15:32:33","date_gmt":"2017-06-21T13:32:33","guid":{"rendered":"https:\/\/www.fundacionnaturgy.org\/?post_type=product&#038;p=63880"},"modified":"2020-02-27T16:00:16","modified_gmt":"2020-02-27T15:00:16","slug":"ponencies-habilitats-directives-i-digitals-per-a-lemprenedor-pime-i-lexportacio-barcelona","status":"publish","type":"product","link":"https:\/\/www.fundacionnaturgy.org\/ca\/publicacion\/ponencies-habilitats-directives-i-digitals-per-a-lemprenedor-pime-i-lexportacio-barcelona\/","title":{"rendered":"Pon\u00e8ncies &#8220;Habilitats directives i digitals per a l\u2019emprenedor pime i l\u2019exportaci\u00f3&#8221;. Barcelona"},"content":{"rendered":"<p>Aqu\u00ed pots trobar les pon\u00e8ncies de la jornada celebrada a Barcelona el dia 21 de juny de 2017 sobre habilitats directives per a l\u2019exportaci\u00f3, amb la intervenci\u00f3 de: Marcos Abollado, David Franco Rebollar, Emili Segura, Roger Salvat y Elisabet Coll-Vinent.<\/p>\n","protected":false},"excerpt":{"rendered":"<p>Aqu\u00ed pots trobar les pon\u00e8ncies de la jornada celebrada a Barcelona el dia 21 de juny de 2017 sobre habilitats directives per a l\u2019exportaci\u00f3, amb la intervenci\u00f3 de: Marcos Abollado, David Franco Rebollar, Emili Segura, Roger Salvat y Elisabet Coll-Vinent.<\/p>\n","protected":false},"featured_media":831,"template":"","meta":{"inline_featured_image":false},"categories":[1203],"content-type":[1170],"product_tag":[],"acf":[],"post_class":["post-63880","product","type-product","status-publish","has-post-thumbnail","hentry","category-exportacio","content-type-ponencies","wordpress-sticky"],"_links":{"self":[{"href":"https:\/\/www.fundacionnaturgy.org\/ca\/wp-json\/wp\/v2\/product\/63880"}],"collection":[{"href":"https:\/\/www.fundacionnaturgy.org\/ca\/wp-json\/wp\/v2\/product"}],"about":[{"href":"https:\/\/www.fundacionnaturgy.org\/ca\/wp-json\/wp\/v2\/types\/product"}],"wp:featuredmedia":[{"embeddable":true,"href":"https:\/\/www.fundacionnaturgy.org\/ca\/wp-json\/wp\/v2\/media\/831"}],"wp:attachment":[{"href":"https:\/\/www.fundacionnaturgy.org\/ca\/wp-json\/wp\/v2\/media?parent=63880"}],"wp:term":[{"taxonomy":"category","embeddable":true,"href":"https:\/\/www.fundacionnaturgy.org\/ca\/wp-json\/wp\/v2\/categories?post=63880"},{"taxonomy":"content-type","embeddable":true,"href":"https:\/\/www.fundacionnaturgy.org\/ca\/wp-json\/wp\/v2\/content-type?post=63880"},{"taxonomy":"product_tag","embeddable":true,"href":"https:\/\/www.fundacionnaturgy.org\/ca\/wp-json\/wp\/v2\/product_tag?post=63880"}],"curies":[{"name":"wp","href":"https:\/\/api.w.org\/{rel}","templated":true}]}}