{"id":63882,"date":"2017-06-08T12:22:19","date_gmt":"2017-06-08T10:22:19","guid":{"rendered":"https:\/\/www.fundacionnaturgy.org\/?post_type=product&#038;p=63882"},"modified":"2020-02-27T16:01:12","modified_gmt":"2020-02-27T15:01:12","slug":"ponencies-nou-pla-de-descontaminacio-de-la-regio-metropolitana-xile","status":"publish","type":"product","link":"https:\/\/www.fundacionnaturgy.org\/ca\/publicacion\/ponencies-nou-pla-de-descontaminacio-de-la-regio-metropolitana-xile\/","title":{"rendered":"Pon\u00e8ncies &#8220;Nou Pla de descontaminaci\u00f3 de la regi\u00f3 metropolitana&#8221;. Xile"},"content":{"rendered":"<p>Aqu\u00ed pots trobar les pon\u00e8ncies de la jornada celebrada a Santiago de Xile el 8 de juny de 2017 sobre el Pla de descontaminaci\u00f3 de la regi\u00f3 metropolitana com una oportunitat per millorar la qualitat de l\u2019aire a les ciutats i el paper que hi pot jugar el gas natural. Hi intervenen: Mauricio Osses, Fabi\u00e1n Hormaz\u00e1bal, Enrique Paris i Jos\u00e9 Manuel Dom\u00ednguez Cerdeira.<\/p>\n<p>&nbsp;<\/p>\n","protected":false},"excerpt":{"rendered":"<p>Aqu\u00ed pots trobar les pon\u00e8ncies de la jornada celebrada a Santiago de Xile el 8 de juny de 2017 sobre el Pla de descontaminaci\u00f3 de la regi\u00f3 metropolitana com una oportunitat per millorar la qualitat de l\u2019aire a les ciutats i el paper que hi pot jugar el gas natural. Hi intervenen: Mauricio Osses, Fabi\u00e1n Hormaz\u00e1bal, Enrique Paris i Jos\u00e9 Manuel Dom\u00ednguez Cerdeira.<\/p>\n","protected":false},"featured_media":35251,"template":"","meta":{"inline_featured_image":false},"categories":[1205,1207],"content-type":[1170],"product_tag":[],"acf":[],"post_class":["post-63882","product","type-product","status-publish","has-post-thumbnail","hentry","category-medi-ambient","category-qualitat-de-laire","content-type-ponencies","wordpress-sticky"],"_links":{"self":[{"href":"https:\/\/www.fundacionnaturgy.org\/ca\/wp-json\/wp\/v2\/product\/63882"}],"collection":[{"href":"https:\/\/www.fundacionnaturgy.org\/ca\/wp-json\/wp\/v2\/product"}],"about":[{"href":"https:\/\/www.fundacionnaturgy.org\/ca\/wp-json\/wp\/v2\/types\/product"}],"wp:featuredmedia":[{"embeddable":true,"href":"https:\/\/www.fundacionnaturgy.org\/ca\/wp-json\/wp\/v2\/media\/35251"}],"wp:attachment":[{"href":"https:\/\/www.fundacionnaturgy.org\/ca\/wp-json\/wp\/v2\/media?parent=63882"}],"wp:term":[{"taxonomy":"category","embeddable":true,"href":"https:\/\/www.fundacionnaturgy.org\/ca\/wp-json\/wp\/v2\/categories?post=63882"},{"taxonomy":"content-type","embeddable":true,"href":"https:\/\/www.fundacionnaturgy.org\/ca\/wp-json\/wp\/v2\/content-type?post=63882"},{"taxonomy":"product_tag","embeddable":true,"href":"https:\/\/www.fundacionnaturgy.org\/ca\/wp-json\/wp\/v2\/product_tag?post=63882"}],"curies":[{"name":"wp","href":"https:\/\/api.w.org\/{rel}","templated":true}]}}