{"id":64444,"date":"2019-06-19T10:18:18","date_gmt":"2019-06-19T08:18:18","guid":{"rendered":"https:\/\/www.fundacionnaturgy.org\/producto\/ponencies-de-la-primera-jornada-del-ii-forum-tecnologic-bases-cientificotecniques-per-a-la-millora-de-la-qualitat-de-laire-a-espanya-valencia\/"},"modified":"2020-02-27T15:54:50","modified_gmt":"2020-02-27T14:54:50","slug":"ponencies-de-la-primera-jornada-del-ii-forum-tecnologic-bases-cientificotecniques-per-a-la-millora-de-la-qualitat-de-laire-a-espanya-valencia","status":"publish","type":"product","link":"https:\/\/www.fundacionnaturgy.org\/ca\/publicacion\/ponencies-de-la-primera-jornada-del-ii-forum-tecnologic-bases-cientificotecniques-per-a-la-millora-de-la-qualitat-de-laire-a-espanya-valencia\/","title":{"rendered":"Pon\u00e8ncies de la primera jornada del II F\u00f2rum Tecnol\u00f2gic \u201cBases cientificot\u00e8cniques per a la millora de la qualitat de l\u2019aire a Espanya\u201d. Val\u00e8ncia"},"content":{"rendered":"<p>Aqu\u00ed\u00a0pots trobar les pon\u00e8ncies\u00a0de la primera jornada\u00a0celebrada\u00a0a Val\u00e8ncia el dia 11 de juny de 2019 sobre la qualitat de l\u2019aire, amb\u00a0la intervenci\u00f3\u00a0de: Alberto Campos,\u00a0Natalia Alonso,\u00a0Mar\u00eda Herv\u00e1s i Rebeca Javato,\u00a0Ferran Ballester\u00a0i Marta Garc\u00eda.<\/p>\n","protected":false},"excerpt":{"rendered":"<p>Aqu\u00ed\u00a0pots trobar les pon\u00e8ncies\u00a0de la primera jornada\u00a0celebrada\u00a0a Val\u00e8ncia el dia 11 de juny de 2019 sobre la qualitat de l\u2019aire, amb\u00a0la intervenci\u00f3\u00a0de: Alberto Campos, Natalia Alonso, Mar\u00eda Herv\u00e1s i Rebeca Javato, Ferran Ballester i Marta Garc\u00eda.<\/p>\n","protected":false},"featured_media":30917,"template":"","meta":{"inline_featured_image":false},"categories":[1207],"content-type":[1170],"product_tag":[],"acf":[],"post_class":["post-64444","product","type-product","status-publish","has-post-thumbnail","hentry","category-qualitat-de-laire","content-type-ponencies","wordpress-sticky"],"_links":{"self":[{"href":"https:\/\/www.fundacionnaturgy.org\/ca\/wp-json\/wp\/v2\/product\/64444"}],"collection":[{"href":"https:\/\/www.fundacionnaturgy.org\/ca\/wp-json\/wp\/v2\/product"}],"about":[{"href":"https:\/\/www.fundacionnaturgy.org\/ca\/wp-json\/wp\/v2\/types\/product"}],"wp:featuredmedia":[{"embeddable":true,"href":"https:\/\/www.fundacionnaturgy.org\/ca\/wp-json\/wp\/v2\/media\/30917"}],"wp:attachment":[{"href":"https:\/\/www.fundacionnaturgy.org\/ca\/wp-json\/wp\/v2\/media?parent=64444"}],"wp:term":[{"taxonomy":"category","embeddable":true,"href":"https:\/\/www.fundacionnaturgy.org\/ca\/wp-json\/wp\/v2\/categories?post=64444"},{"taxonomy":"content-type","embeddable":true,"href":"https:\/\/www.fundacionnaturgy.org\/ca\/wp-json\/wp\/v2\/content-type?post=64444"},{"taxonomy":"product_tag","embeddable":true,"href":"https:\/\/www.fundacionnaturgy.org\/ca\/wp-json\/wp\/v2\/product_tag?post=64444"}],"curies":[{"name":"wp","href":"https:\/\/api.w.org\/{rel}","templated":true}]}}