{"id":64447,"date":"2019-06-19T10:25:56","date_gmt":"2019-06-19T08:25:56","guid":{"rendered":"https:\/\/www.fundacionnaturgy.org\/producto\/ponencies-de-la-segona-jornada-del-ii-forum-tecnologic-bases-cientificotecniques-per-a-la-millora-de-la-qualitat-de-laire-a-espanya-valencia\/"},"modified":"2020-02-27T15:54:45","modified_gmt":"2020-02-27T14:54:45","slug":"ponencies-de-la-segona-jornada-del-ii-forum-tecnologic-bases-cientificotecniques-per-a-la-millora-de-la-qualitat-de-laire-a-espanya-valencia","status":"publish","type":"product","link":"https:\/\/www.fundacionnaturgy.org\/ca\/publicacion\/ponencies-de-la-segona-jornada-del-ii-forum-tecnologic-bases-cientificotecniques-per-a-la-millora-de-la-qualitat-de-laire-a-espanya-valencia\/","title":{"rendered":"Pon\u00e8ncies de la segona jornada del II F\u00f2rum Tecnol\u00f2gic \u201cBases cientificot\u00e8cniques per a la millora de la qualitat de l\u2019aire a Espanya\u201d. Val\u00e8ncia"},"content":{"rendered":"<p>Aqu\u00ed\u00a0pots trobar les pon\u00e8ncies\u00a0de la segona jornada\u00a0celebrada\u00a0a Val\u00e8ncia el dia 12 de juny de 2019 sobre la qualitat de l\u2019aire, amb\u00a0la intervenci\u00f3\u00a0de:\u00a0Eliseo Monfort,\u00a0Olga Fraile,\u00a0Txema Manche\u00f1o,\u00a0Jes\u00fas de la Rosa,\u00a0Beatriz Fat\u00e1s,\u00a0Obdulio Serrano,\u00a0Xavier Querol,\u00a0Meritxell Margarit,\u00a0Xavier Sanyer,\u00a0Juli Burriel,\u00a0\u00c1ngeles Crist\u00f3bal,\u00a0Jordi Remirez i\u00a0Frances Robust\u00e9.<\/p>\n","protected":false},"excerpt":{"rendered":"<p>Aqu\u00ed\u00a0pots trobar les pon\u00e8ncies\u00a0de la segona jornada\u00a0celebrada\u00a0a Val\u00e8ncia el dia 12 de juny de 2019 sobre la qualitat de l\u2019aire, amb\u00a0la intervenci\u00f3\u00a0de: Eliseo Monfort, Olga Fraile, Txema Manche\u00f1o, Jes\u00fas de la Rosa, Beatriz Fat\u00e1s, Obdulio Serrano, Xavier Querol, Meritxell Margarit, Xavier Sanyer, Juli Burriel, \u00c1ngeles Crist\u00f3bal, Jordi Remirez i Frances Robust\u00e9.<\/p>\n","protected":false},"featured_media":30917,"template":"","meta":{"inline_featured_image":false},"categories":[1207],"content-type":[1170],"product_tag":[],"acf":[],"post_class":["post-64447","product","type-product","status-publish","has-post-thumbnail","hentry","category-qualitat-de-laire","content-type-ponencies","wordpress-sticky"],"_links":{"self":[{"href":"https:\/\/www.fundacionnaturgy.org\/ca\/wp-json\/wp\/v2\/product\/64447"}],"collection":[{"href":"https:\/\/www.fundacionnaturgy.org\/ca\/wp-json\/wp\/v2\/product"}],"about":[{"href":"https:\/\/www.fundacionnaturgy.org\/ca\/wp-json\/wp\/v2\/types\/product"}],"wp:featuredmedia":[{"embeddable":true,"href":"https:\/\/www.fundacionnaturgy.org\/ca\/wp-json\/wp\/v2\/media\/30917"}],"wp:attachment":[{"href":"https:\/\/www.fundacionnaturgy.org\/ca\/wp-json\/wp\/v2\/media?parent=64447"}],"wp:term":[{"taxonomy":"category","embeddable":true,"href":"https:\/\/www.fundacionnaturgy.org\/ca\/wp-json\/wp\/v2\/categories?post=64447"},{"taxonomy":"content-type","embeddable":true,"href":"https:\/\/www.fundacionnaturgy.org\/ca\/wp-json\/wp\/v2\/content-type?post=64447"},{"taxonomy":"product_tag","embeddable":true,"href":"https:\/\/www.fundacionnaturgy.org\/ca\/wp-json\/wp\/v2\/product_tag?post=64447"}],"curies":[{"name":"wp","href":"https:\/\/api.w.org\/{rel}","templated":true}]}}