{"id":64448,"date":"2019-06-19T10:31:32","date_gmt":"2019-06-19T08:31:32","guid":{"rendered":"https:\/\/www.fundacionnaturgy.org\/producto\/ponencies-de-la-tercera-jornada-del-ii-forum-tecnologic-bases-cientificotecniques-per-a-la-millora-de-la-qualitat-de-laire-a-espanya-valencia\/"},"modified":"2020-02-27T15:54:38","modified_gmt":"2020-02-27T14:54:38","slug":"ponencies-de-la-tercera-jornada-del-ii-forum-tecnologic-bases-cientificotecniques-per-a-la-millora-de-la-qualitat-de-laire-a-espanya-valencia","status":"publish","type":"product","link":"https:\/\/www.fundacionnaturgy.org\/ca\/publicacion\/ponencies-de-la-tercera-jornada-del-ii-forum-tecnologic-bases-cientificotecniques-per-a-la-millora-de-la-qualitat-de-laire-a-espanya-valencia\/","title":{"rendered":"Pon\u00e8ncies de la tercera jornada del II F\u00f2rum Tecnol\u00f2gic \u201cBases cientificot\u00e8cniques per a la millora de la qualitat de l\u2019aire a Espanya\u201d. Val\u00e8ncia"},"content":{"rendered":"<p>Aqu\u00ed\u00a0pots trobar les pon\u00e8ncies\u00a0de la tercera jornada\u00a0celebrada\u00a0a Val\u00e8ncia el dia 13 de juny de 2019 sobre la qualitat de l\u2019aire, amb\u00a0la intervenci\u00f3\u00a0de: Maj-Britt Larka,\u00a0Mart\u00edn Fern\u00e1ndez D\u00edez-Picazo,\u00a0Rafael Borge,\u00a0Marc Guevara,\u00a0Marta Garc\u00eda Vivanco,\u00a0Irina Celades,\u00a0Xavier Querol,\u00a0Enrique Mantilla,\u00a0Gotzon Gangoiti,\u00a0Amalia Mu\u00f1oz,\u00a0M. Teresa Pay i\u00a0Juan Garc\u00eda Vicente.<\/p>\n","protected":false},"excerpt":{"rendered":"<p>Aqu\u00ed\u00a0pots trobar les pon\u00e8ncies\u00a0de la tercera jornada\u00a0celebrada\u00a0a Val\u00e8ncia el dia 13 de juny de 2019 sobre la qualitat de l\u2019aire, amb\u00a0la intervenci\u00f3\u00a0de: Maj-Britt Larka, Mart\u00edn Fern\u00e1ndez D\u00edez-Picazo, Rafael Borge, Marc Guevara, Marta Garc\u00eda Vivanco, Irina Celades, Xavier Querol, Enrique Mantilla, Gotzon Gangoiti, Amalia Mu\u00f1oz, M. Teresa Pay i Juan Garc\u00eda Vicente.<\/p>\n","protected":false},"featured_media":30917,"template":"","meta":{"inline_featured_image":false},"categories":[1207],"content-type":[1170],"product_tag":[],"acf":[],"post_class":["post-64448","product","type-product","status-publish","has-post-thumbnail","hentry","category-qualitat-de-laire","content-type-ponencies","wordpress-sticky"],"_links":{"self":[{"href":"https:\/\/www.fundacionnaturgy.org\/ca\/wp-json\/wp\/v2\/product\/64448"}],"collection":[{"href":"https:\/\/www.fundacionnaturgy.org\/ca\/wp-json\/wp\/v2\/product"}],"about":[{"href":"https:\/\/www.fundacionnaturgy.org\/ca\/wp-json\/wp\/v2\/types\/product"}],"wp:featuredmedia":[{"embeddable":true,"href":"https:\/\/www.fundacionnaturgy.org\/ca\/wp-json\/wp\/v2\/media\/30917"}],"wp:attachment":[{"href":"https:\/\/www.fundacionnaturgy.org\/ca\/wp-json\/wp\/v2\/media?parent=64448"}],"wp:term":[{"taxonomy":"category","embeddable":true,"href":"https:\/\/www.fundacionnaturgy.org\/ca\/wp-json\/wp\/v2\/categories?post=64448"},{"taxonomy":"content-type","embeddable":true,"href":"https:\/\/www.fundacionnaturgy.org\/ca\/wp-json\/wp\/v2\/content-type?post=64448"},{"taxonomy":"product_tag","embeddable":true,"href":"https:\/\/www.fundacionnaturgy.org\/ca\/wp-json\/wp\/v2\/product_tag?post=64448"}],"curies":[{"name":"wp","href":"https:\/\/api.w.org\/{rel}","templated":true}]}}