{"id":65406,"date":"2017-10-26T10:32:00","date_gmt":"2017-10-26T08:32:00","guid":{"rendered":"https:\/\/www.fundacionnaturgy.org\/producto\/ponencies-eficiencia-energetica-renovables-i-protagonisme-del-consumidor-barcelona\/"},"modified":"2020-02-27T15:59:54","modified_gmt":"2020-02-27T14:59:54","slug":"ponencies-eficiencia-energetica-renovables-i-protagonisme-del-consumidor-barcelona","status":"publish","type":"product","link":"https:\/\/www.fundacionnaturgy.org\/ca\/publicacion\/ponencies-eficiencia-energetica-renovables-i-protagonisme-del-consumidor-barcelona\/","title":{"rendered":"Pon\u00e8ncies \u201cEfici\u00e8ncia energ\u00e8tica, renovables i protagonisme del consumidor\u201d. Barcelona"},"content":{"rendered":"<p>Aqu\u00ed pots trobar les pon\u00e8ncies de la jornada celebrada a Barcelona el 26 d\u2019octubre de 2017 sobre la nova estrat\u00e8gia energ\u00e8tica europea presentada per la Comissi\u00f3 Europea al comen\u00e7ament del 2017. Intervencions de:\u00a0Margarita de Lux\u00e1n, Walter R. Stahel, Jan Stambasky, Carlos Sol\u00e9 i Brenda Broadman.<\/p>\n","protected":false},"excerpt":{"rendered":"<p>Aqu\u00ed pots trobar les pon\u00e8ncies de la jornada celebrada a Barcelona el 26 d\u2019octubre de 2017 sobre la nova estrat\u00e8gia energ\u00e8tica europea presentada per la Comissi\u00f3 Europea al comen\u00e7ament del 2017. Intervencions de: Margarita de Lux\u00e1n, Walter R. Stahel, Jan Stambasky, Carlos Sol\u00e9 i Brenda Broadman.<\/p>\n","protected":false},"featured_media":39151,"template":"","meta":{"inline_featured_image":false},"categories":[1208,1209],"content-type":[1170],"product_tag":[],"acf":[],"post_class":["post-65406","product","type-product","status-publish","has-post-thumbnail","hentry","category-transicio-energetica","category-vulnerabilitat-energetica","content-type-ponencies","wordpress-sticky"],"_links":{"self":[{"href":"https:\/\/www.fundacionnaturgy.org\/ca\/wp-json\/wp\/v2\/product\/65406"}],"collection":[{"href":"https:\/\/www.fundacionnaturgy.org\/ca\/wp-json\/wp\/v2\/product"}],"about":[{"href":"https:\/\/www.fundacionnaturgy.org\/ca\/wp-json\/wp\/v2\/types\/product"}],"wp:featuredmedia":[{"embeddable":true,"href":"https:\/\/www.fundacionnaturgy.org\/ca\/wp-json\/wp\/v2\/media\/39151"}],"wp:attachment":[{"href":"https:\/\/www.fundacionnaturgy.org\/ca\/wp-json\/wp\/v2\/media?parent=65406"}],"wp:term":[{"taxonomy":"category","embeddable":true,"href":"https:\/\/www.fundacionnaturgy.org\/ca\/wp-json\/wp\/v2\/categories?post=65406"},{"taxonomy":"content-type","embeddable":true,"href":"https:\/\/www.fundacionnaturgy.org\/ca\/wp-json\/wp\/v2\/content-type?post=65406"},{"taxonomy":"product_tag","embeddable":true,"href":"https:\/\/www.fundacionnaturgy.org\/ca\/wp-json\/wp\/v2\/product_tag?post=65406"}],"curies":[{"name":"wp","href":"https:\/\/api.w.org\/{rel}","templated":true}]}}