{"id":65407,"date":"2017-11-08T10:15:37","date_gmt":"2017-11-08T09:15:37","guid":{"rendered":"https:\/\/www.fundacionnaturgy.org\/producto\/ponencies-el-gas-natural-en-el-transport-avantatges-ambientals-i-economics-logronyo\/"},"modified":"2020-02-27T15:59:49","modified_gmt":"2020-02-27T14:59:49","slug":"ponencies-el-gas-natural-en-el-transport-avantatges-ambientals-i-economics-logronyo","status":"publish","type":"product","link":"https:\/\/www.fundacionnaturgy.org\/ca\/publicacion\/ponencies-el-gas-natural-en-el-transport-avantatges-ambientals-i-economics-logronyo\/","title":{"rendered":"Pon\u00e8ncies \u201cEl gas natural en el transport: avantatges ambientals i econ\u00f2mics\u201d. Logronyo"},"content":{"rendered":"<p>Aqu\u00ed pots trobar les pon\u00e8ncies de la jornada celebrada a Logronyo el dia 8 de novembre de 2017 sobre l\u2019aposta dels fabricants per vehicles de gas natural, amb la intervenci\u00f3 de:\u00a0Jos\u00e9 Ma L\u00f3pez, Benito P\u00e1ramo, Ram\u00f3n Calder\u00f3n, Juan \u00c1ngel Terr\u00f3n i May L\u00f3pez.<\/p>\n","protected":false},"excerpt":{"rendered":"<p>Aqu\u00ed pots trobar les pon\u00e8ncies de la jornada celebrada a Logronyo el dia 8 de novembre de 2017 sobre l\u2019aposta dels fabricants per vehicles de gas natural, amb la intervenci\u00f3 de: Jos\u00e9 Ma L\u00f3pez, Benito P\u00e1ramo, Ram\u00f3n Calder\u00f3n, Juan \u00c1ngel Terr\u00f3n i May L\u00f3pez.<\/p>\n","protected":false},"featured_media":56673,"template":"","meta":{"inline_featured_image":false},"categories":[1201],"content-type":[1170],"product_tag":[],"acf":[],"post_class":["post-65407","product","type-product","status-publish","has-post-thumbnail","hentry","category-energia-i-transport","content-type-ponencies","wordpress-sticky"],"_links":{"self":[{"href":"https:\/\/www.fundacionnaturgy.org\/ca\/wp-json\/wp\/v2\/product\/65407"}],"collection":[{"href":"https:\/\/www.fundacionnaturgy.org\/ca\/wp-json\/wp\/v2\/product"}],"about":[{"href":"https:\/\/www.fundacionnaturgy.org\/ca\/wp-json\/wp\/v2\/types\/product"}],"wp:featuredmedia":[{"embeddable":true,"href":"https:\/\/www.fundacionnaturgy.org\/ca\/wp-json\/wp\/v2\/media\/56673"}],"wp:attachment":[{"href":"https:\/\/www.fundacionnaturgy.org\/ca\/wp-json\/wp\/v2\/media?parent=65407"}],"wp:term":[{"taxonomy":"category","embeddable":true,"href":"https:\/\/www.fundacionnaturgy.org\/ca\/wp-json\/wp\/v2\/categories?post=65407"},{"taxonomy":"content-type","embeddable":true,"href":"https:\/\/www.fundacionnaturgy.org\/ca\/wp-json\/wp\/v2\/content-type?post=65407"},{"taxonomy":"product_tag","embeddable":true,"href":"https:\/\/www.fundacionnaturgy.org\/ca\/wp-json\/wp\/v2\/product_tag?post=65407"}],"curies":[{"name":"wp","href":"https:\/\/api.w.org\/{rel}","templated":true}]}}