{"id":65408,"date":"2017-10-11T10:45:52","date_gmt":"2017-10-11T08:45:52","guid":{"rendered":"https:\/\/www.fundacionnaturgy.org\/producto\/ponencies-ciutats-intel%c2%b7ligents-avaluacio-i-casos-practics-en-eficiencia-energetica-santander\/"},"modified":"2020-02-27T15:59:59","modified_gmt":"2020-02-27T14:59:59","slug":"ponencies-ciutats-intel%c2%b7ligents-avaluacio-i-casos-practics-en-eficiencia-energetica-santander","status":"publish","type":"product","link":"https:\/\/www.fundacionnaturgy.org\/ca\/publicacion\/ponencies-ciutats-intel%c2%b7ligents-avaluacio-i-casos-practics-en-eficiencia-energetica-santander\/","title":{"rendered":"Pon\u00e8ncies \u201cCiutats intel\u00b7ligents: avaluaci\u00f3 i casos pr\u00e0ctics en efici\u00e8ncia energ\u00e8tica\u201d. Santander"},"content":{"rendered":"<p>Aqu\u00ed pots trobar les pon\u00e8ncies de la jornada celebrada a Santander l\u201911 d\u2019octubre de 2017 sobre la possibilitat de quantificaci\u00f3 de la intel\u00b7lig\u00e8ncia artificial d\u2019una ciutat i els resultats a escala internacional. Intervencions de: Rosa Mar\u00eda Arce, Concepci\u00f3n Moreno, Rudolf Giffinger, Milagros Rey, Rafael Jim\u00e9nez, Mario Cort\u00e9s i Gema Igual.<\/p>\n<p>&nbsp;<\/p>\n<p>&nbsp;<\/p>\n<div class=\"off-canvas-wrap\" data-offcanvas=\"\">\n<div class=\"inner-wrap\">\n<div id=\"page\" class=\"hfeed site container\">\n<div id=\"content\" class=\"site-content row\">\n<section id=\"primary\" class=\"content-area small-12 columns\">\n<div id=\"tribe-events-pg-template\">\n<div id=\"tribe-events-content\" class=\"tribe-events-single vevent hentry\">\n<div class=\"row tribe-events-header\">\n<div class=\"medium-6 columns\">\n<div class=\"intro\">\n<p>&nbsp;<\/p>\n<\/div>\n<\/div>\n<\/div>\n<\/div>\n<\/div>\n<\/section>\n<\/div>\n<\/div>\n<\/div>\n<\/div>\n","protected":false},"excerpt":{"rendered":"<p>Aqu\u00ed pots trobar les pon\u00e8ncies de la jornada celebrada a Santander l\u201911 d\u2019octubre de 2017 sobre la possibilitat de quantificaci\u00f3 de la intel\u00b7lig\u00e8ncia artificial d\u2019una ciutat i els resultats a escala internacional. Intervencions de: Rosa Mar\u00eda Arce, Concepci\u00f3n Moreno, Rudolf Giffinger, Milagros Rey, Rafael Jim\u00e9nez, Mario Cort\u00e9s i Gema Igual.<\/p>\n","protected":false},"featured_media":36663,"template":"","meta":{"inline_featured_image":false},"categories":[1200,1204],"content-type":[1170],"product_tag":[],"acf":[],"post_class":["post-65408","product","type-product","status-publish","has-post-thumbnail","hentry","category-eficiencia-energetica-ca","category-innovacio-tecnologica","content-type-ponencies","wordpress-sticky"],"_links":{"self":[{"href":"https:\/\/www.fundacionnaturgy.org\/ca\/wp-json\/wp\/v2\/product\/65408"}],"collection":[{"href":"https:\/\/www.fundacionnaturgy.org\/ca\/wp-json\/wp\/v2\/product"}],"about":[{"href":"https:\/\/www.fundacionnaturgy.org\/ca\/wp-json\/wp\/v2\/types\/product"}],"wp:featuredmedia":[{"embeddable":true,"href":"https:\/\/www.fundacionnaturgy.org\/ca\/wp-json\/wp\/v2\/media\/36663"}],"wp:attachment":[{"href":"https:\/\/www.fundacionnaturgy.org\/ca\/wp-json\/wp\/v2\/media?parent=65408"}],"wp:term":[{"taxonomy":"category","embeddable":true,"href":"https:\/\/www.fundacionnaturgy.org\/ca\/wp-json\/wp\/v2\/categories?post=65408"},{"taxonomy":"content-type","embeddable":true,"href":"https:\/\/www.fundacionnaturgy.org\/ca\/wp-json\/wp\/v2\/content-type?post=65408"},{"taxonomy":"product_tag","embeddable":true,"href":"https:\/\/www.fundacionnaturgy.org\/ca\/wp-json\/wp\/v2\/product_tag?post=65408"}],"curies":[{"name":"wp","href":"https:\/\/api.w.org\/{rel}","templated":true}]}}