{"id":65411,"date":"2017-07-10T11:05:16","date_gmt":"2017-07-10T09:05:16","guid":{"rendered":"https:\/\/www.fundacionnaturgy.org\/producto\/ponencies-la-transicio-energetica-i-els-mercats-electrics-barcelona\/"},"modified":"2020-02-27T16:00:04","modified_gmt":"2020-02-27T15:00:04","slug":"ponencies-la-transicio-energetica-i-els-mercats-electrics-barcelona","status":"publish","type":"product","link":"https:\/\/www.fundacionnaturgy.org\/ca\/publicacion\/ponencies-la-transicio-energetica-i-els-mercats-electrics-barcelona\/","title":{"rendered":"Pon\u00e8ncies \u201cLa transici\u00f3 energ\u00e8tica i els mercats el\u00e8ctrics\u201d. Barcelona"},"content":{"rendered":"<p>Aqu\u00ed pots trobar les pon\u00e8ncies del curs d\u2019estiu \u201cEls juliols\u201d celebrat a Barcelona, del 10 al 14 de juliol de 2017, amb la col\u00b7laboraci\u00f3 de la Universitat de Barcelona, durant el qual es va tractar sobre la sostenibilitat del funcionament actual del mercat el\u00e8ctric i quin seria el paper de les <i>utilities<\/i> en un nou model energ\u00e8tic. Hi intervenen: Mariano Marzo, \u00c1ngela Arce, Juan Rivier, Antonio Canoyra, Joan Batalla, Mar\u00eda Jos\u00e9 Samaniego, Tom\u00e1s G\u00f3mez, Ignacio de Aguirre, I\u00f1igo Ortiz i Eloy \u00c1lvarez.<\/p>\n<p>&nbsp;<\/p>\n<p>&nbsp;<\/p>\n","protected":false},"excerpt":{"rendered":"<p>Aqu\u00ed pots trobar les pon\u00e8ncies del curs d\u2019estiu \u201cEls juliols\u201d celebrat a Barcelona, del 10 al 14 de juliol de 2017, amb la col\u00b7laboraci\u00f3 de la Universitat de Barcelona, durant el qual es va tractar sobre la sostenibilitat del funcionament actual del mercat el\u00e8ctric i quin seria el paper de les utilities en un nou model energ\u00e8tic. Hi intervenen: Mariano Marzo, \u00c1ngela Arce, Juan Rivier, Antonio Canoyra, Joan Batalla, Mar\u00eda Jos\u00e9 Samaniego, Tom\u00e1s G\u00f3mez, Ignacio de Aguirre, I\u00f1igo Ortiz i Eloy \u00c1lvarez.<\/p>\n","protected":false},"featured_media":33880,"template":"","meta":{"inline_featured_image":false},"categories":[1208],"content-type":[1170],"product_tag":[],"acf":[],"post_class":["post-65411","product","type-product","status-publish","has-post-thumbnail","hentry","category-transicio-energetica","content-type-ponencies","wordpress-sticky"],"_links":{"self":[{"href":"https:\/\/www.fundacionnaturgy.org\/ca\/wp-json\/wp\/v2\/product\/65411"}],"collection":[{"href":"https:\/\/www.fundacionnaturgy.org\/ca\/wp-json\/wp\/v2\/product"}],"about":[{"href":"https:\/\/www.fundacionnaturgy.org\/ca\/wp-json\/wp\/v2\/types\/product"}],"wp:featuredmedia":[{"embeddable":true,"href":"https:\/\/www.fundacionnaturgy.org\/ca\/wp-json\/wp\/v2\/media\/33880"}],"wp:attachment":[{"href":"https:\/\/www.fundacionnaturgy.org\/ca\/wp-json\/wp\/v2\/media?parent=65411"}],"wp:term":[{"taxonomy":"category","embeddable":true,"href":"https:\/\/www.fundacionnaturgy.org\/ca\/wp-json\/wp\/v2\/categories?post=65411"},{"taxonomy":"content-type","embeddable":true,"href":"https:\/\/www.fundacionnaturgy.org\/ca\/wp-json\/wp\/v2\/content-type?post=65411"},{"taxonomy":"product_tag","embeddable":true,"href":"https:\/\/www.fundacionnaturgy.org\/ca\/wp-json\/wp\/v2\/product_tag?post=65411"}],"curies":[{"name":"wp","href":"https:\/\/api.w.org\/{rel}","templated":true}]}}