{"id":65413,"date":"2017-06-29T14:51:32","date_gmt":"2017-06-29T12:51:32","guid":{"rendered":"https:\/\/www.fundacionnaturgy.org\/producto\/ponencies-aspectes-energetics-i-ambientals-de-la-industria-4-0-toledo\/"},"modified":"2020-02-27T16:00:09","modified_gmt":"2020-02-27T15:00:09","slug":"ponencies-aspectes-energetics-i-ambientals-de-la-industria-4-0-toledo","status":"publish","type":"product","link":"https:\/\/www.fundacionnaturgy.org\/ca\/publicacion\/ponencies-aspectes-energetics-i-ambientals-de-la-industria-4-0-toledo\/","title":{"rendered":"Pon\u00e8ncies \u201cAspectes energ\u00e8tics i ambientals de la ind\u00fastria 4.0\u201d. Toledo"},"content":{"rendered":"<p>Aqu\u00ed pots trobar les pon\u00e8ncies de la jornada celebrada\u00a0 a Toledo, el 29 de juny de 2017, sobre la ind\u00fastria 4.0 als sectors de les energies renovables, l\u2019automoci\u00f3 i l\u2019electr\u00f2nica. Exposicions de: Mariano Ventosa, Jes\u00fas Chapado, Carmen del R\u00edo, Adriano Garc\u00eda i Venancio Alberca.<\/p>\n<p>&nbsp;<\/p>\n","protected":false},"excerpt":{"rendered":"<p>Aqu\u00ed pots trobar les pon\u00e8ncies de la jornada celebrada\u00a0 a Toledo, el 29 de juny de 2017, sobre la ind\u00fastria 4.0 als sectors de les energies renovables, l\u2019automoci\u00f3 i l\u2019electr\u00f2nica. Exposicions de: Mariano Ventosa, Jes\u00fas Chapado, Carmen del R\u00edo, Adriano Garc\u00eda i Venancio Alberca.<\/p>\n","protected":false},"featured_media":35771,"template":"","meta":{"inline_featured_image":false},"categories":[1204],"content-type":[1170],"product_tag":[],"acf":[],"post_class":["post-65413","product","type-product","status-publish","has-post-thumbnail","hentry","category-innovacio-tecnologica","content-type-ponencies","wordpress-sticky"],"_links":{"self":[{"href":"https:\/\/www.fundacionnaturgy.org\/ca\/wp-json\/wp\/v2\/product\/65413"}],"collection":[{"href":"https:\/\/www.fundacionnaturgy.org\/ca\/wp-json\/wp\/v2\/product"}],"about":[{"href":"https:\/\/www.fundacionnaturgy.org\/ca\/wp-json\/wp\/v2\/types\/product"}],"wp:featuredmedia":[{"embeddable":true,"href":"https:\/\/www.fundacionnaturgy.org\/ca\/wp-json\/wp\/v2\/media\/35771"}],"wp:attachment":[{"href":"https:\/\/www.fundacionnaturgy.org\/ca\/wp-json\/wp\/v2\/media?parent=65413"}],"wp:term":[{"taxonomy":"category","embeddable":true,"href":"https:\/\/www.fundacionnaturgy.org\/ca\/wp-json\/wp\/v2\/categories?post=65413"},{"taxonomy":"content-type","embeddable":true,"href":"https:\/\/www.fundacionnaturgy.org\/ca\/wp-json\/wp\/v2\/content-type?post=65413"},{"taxonomy":"product_tag","embeddable":true,"href":"https:\/\/www.fundacionnaturgy.org\/ca\/wp-json\/wp\/v2\/product_tag?post=65413"}],"curies":[{"name":"wp","href":"https:\/\/api.w.org\/{rel}","templated":true}]}}