{"id":65415,"date":"2017-06-13T16:09:45","date_gmt":"2017-06-13T14:09:45","guid":{"rendered":"https:\/\/www.fundacionnaturgy.org\/producto\/ponencies-la-transicio-energetica-i-el-mercat-electric-valladolid\/"},"modified":"2020-02-27T16:00:21","modified_gmt":"2020-02-27T15:00:21","slug":"ponencies-la-transicio-energetica-i-el-mercat-electric-valladolid","status":"publish","type":"product","link":"https:\/\/www.fundacionnaturgy.org\/ca\/publicacion\/ponencies-la-transicio-energetica-i-el-mercat-electric-valladolid\/","title":{"rendered":"Pon\u00e8ncies \u201cLa transici\u00f3 energ\u00e8tica i el mercat el\u00e8ctric\u201d. Valladolid"},"content":{"rendered":"<p>Aqu\u00ed pots trobar les pon\u00e8ncies de la jornada celebrada a Valladolid el 13 de juny de 2017 sobre la sostenibilitat del funcionament actual del mercat el\u00e8ctric espanyol i la transici\u00f3 energ\u00e8tica. Hi intervenen: Jos\u00e9 Luis Sancha, Tom\u00e1s Dom\u00ednguez, Esther Garc\u00eda, Jos\u00e9 Salmer\u00f3n, Ant\u00f3n Riestra i Juan Bogas.<\/p>\n","protected":false},"excerpt":{"rendered":"<p>Aqu\u00ed pots trobar les pon\u00e8ncies de la jornada celebrada a Valladolid el 13 de juny de 2017 sobre la sostenibilitat del funcionament actual del mercat el\u00e8ctric espanyol i la transici\u00f3 energ\u00e8tica. Hi intervenen: Jos\u00e9 Luis Sancha, Tom\u00e1s Dom\u00ednguez, Esther Garc\u00eda, Jos\u00e9 Salmer\u00f3n, Ant\u00f3n Riestra i Juan Bogas.<\/p>\n","protected":false},"featured_media":32019,"template":"","meta":{"inline_featured_image":false},"categories":[1208],"content-type":[1170],"product_tag":[],"acf":[],"post_class":["post-65415","product","type-product","status-publish","has-post-thumbnail","hentry","category-transicio-energetica","content-type-ponencies","wordpress-sticky"],"_links":{"self":[{"href":"https:\/\/www.fundacionnaturgy.org\/ca\/wp-json\/wp\/v2\/product\/65415"}],"collection":[{"href":"https:\/\/www.fundacionnaturgy.org\/ca\/wp-json\/wp\/v2\/product"}],"about":[{"href":"https:\/\/www.fundacionnaturgy.org\/ca\/wp-json\/wp\/v2\/types\/product"}],"wp:featuredmedia":[{"embeddable":true,"href":"https:\/\/www.fundacionnaturgy.org\/ca\/wp-json\/wp\/v2\/media\/32019"}],"wp:attachment":[{"href":"https:\/\/www.fundacionnaturgy.org\/ca\/wp-json\/wp\/v2\/media?parent=65415"}],"wp:term":[{"taxonomy":"category","embeddable":true,"href":"https:\/\/www.fundacionnaturgy.org\/ca\/wp-json\/wp\/v2\/categories?post=65415"},{"taxonomy":"content-type","embeddable":true,"href":"https:\/\/www.fundacionnaturgy.org\/ca\/wp-json\/wp\/v2\/content-type?post=65415"},{"taxonomy":"product_tag","embeddable":true,"href":"https:\/\/www.fundacionnaturgy.org\/ca\/wp-json\/wp\/v2\/product_tag?post=65415"}],"curies":[{"name":"wp","href":"https:\/\/api.w.org\/{rel}","templated":true}]}}