{"id":65417,"date":"2017-06-09T16:22:46","date_gmt":"2017-06-09T14:22:46","guid":{"rendered":"https:\/\/www.fundacionnaturgy.org\/producto\/ponencies-negociacio-intercultural-efectiva-per-a-pimes-barcelona\/"},"modified":"2020-02-27T16:01:05","modified_gmt":"2020-02-27T15:01:05","slug":"ponencies-negociacio-intercultural-efectiva-per-a-pimes-barcelona","status":"publish","type":"product","link":"https:\/\/www.fundacionnaturgy.org\/ca\/publicacion\/ponencies-negociacio-intercultural-efectiva-per-a-pimes-barcelona\/","title":{"rendered":"Pon\u00e8ncies \u201cNegociaci\u00f3 intercultural efectiva per a pimes\u201d. Barcelona"},"content":{"rendered":"<p>Taller pr\u00e0ctic per a pimes sobre els aspectes interculturals de la negociaci\u00f3 en exportaci\u00f3 celebrats el 9 de juny de 2017 i impartit per Emili Segura.<\/p>\n","protected":false},"excerpt":{"rendered":"<p>Taller pr\u00e0ctic per a pimes sobre els aspectes interculturals de la negociaci\u00f3 en exportaci\u00f3 celebrats el 9 de juny de 2017 i impartit per Emili Segura.<\/p>\n","protected":false},"featured_media":1987,"template":"","meta":{"inline_featured_image":false},"categories":[1203],"content-type":[1170],"product_tag":[],"acf":[],"post_class":["post-65417","product","type-product","status-publish","has-post-thumbnail","hentry","category-exportacio","content-type-ponencies","wordpress-sticky"],"_links":{"self":[{"href":"https:\/\/www.fundacionnaturgy.org\/ca\/wp-json\/wp\/v2\/product\/65417"}],"collection":[{"href":"https:\/\/www.fundacionnaturgy.org\/ca\/wp-json\/wp\/v2\/product"}],"about":[{"href":"https:\/\/www.fundacionnaturgy.org\/ca\/wp-json\/wp\/v2\/types\/product"}],"wp:featuredmedia":[{"embeddable":true,"href":"https:\/\/www.fundacionnaturgy.org\/ca\/wp-json\/wp\/v2\/media\/1987"}],"wp:attachment":[{"href":"https:\/\/www.fundacionnaturgy.org\/ca\/wp-json\/wp\/v2\/media?parent=65417"}],"wp:term":[{"taxonomy":"category","embeddable":true,"href":"https:\/\/www.fundacionnaturgy.org\/ca\/wp-json\/wp\/v2\/categories?post=65417"},{"taxonomy":"content-type","embeddable":true,"href":"https:\/\/www.fundacionnaturgy.org\/ca\/wp-json\/wp\/v2\/content-type?post=65417"},{"taxonomy":"product_tag","embeddable":true,"href":"https:\/\/www.fundacionnaturgy.org\/ca\/wp-json\/wp\/v2\/product_tag?post=65417"}],"curies":[{"name":"wp","href":"https:\/\/api.w.org\/{rel}","templated":true}]}}