{"id":65419,"date":"2017-06-09T16:29:54","date_gmt":"2017-06-09T14:29:54","guid":{"rendered":"https:\/\/www.fundacionnaturgy.org\/producto\/ponencies-energies-netes-una-mirada-energetica-global-per-al-desenvolupament-regional-xile\/"},"modified":"2020-02-27T16:00:58","modified_gmt":"2020-02-27T15:00:58","slug":"ponencies-energies-netes-una-mirada-energetica-global-per-al-desenvolupament-regional-xile","status":"publish","type":"product","link":"https:\/\/www.fundacionnaturgy.org\/ca\/publicacion\/ponencies-energies-netes-una-mirada-energetica-global-per-al-desenvolupament-regional-xile\/","title":{"rendered":"Pon\u00e8ncies \u201cEnergies netes: Una mirada energ\u00e8tica global per al desenvolupament regional\u201d. Xile"},"content":{"rendered":"<p>Aqu\u00ed pots trobar les pon\u00e8ncies de la jornada celebrada a Concepci\u00f3n (Xile) el 9 de juny de 2017 sobre l\u2019oportunitat que s\u2019obre per a la utilitzaci\u00f3 d\u2019energies netes a les llars, amb el Pla de prevenci\u00f3 i descontaminaci\u00f3 atmosf\u00e8rica de l\u2019\u00e0rea metropolitana. Hi intervenen: Jorge Quiroz, Ana Mar\u00eda Moraga i Jorge Jim\u00e9nez.<\/p>\n","protected":false},"excerpt":{"rendered":"<p>Aqu\u00ed pots trobar les pon\u00e8ncies de la jornada celebrada a Concepci\u00f3n (Xile) el 9 de juny de 2017 sobre l\u2019oportunitat que s\u2019obre per a la utilitzaci\u00f3 d\u2019energies netes a les llars, amb el Pla de prevenci\u00f3 i descontaminaci\u00f3 atmosf\u00e8rica de l\u2019\u00e0rea metropolitana. Hi intervenen: Jorge Quiroz, Ana Mar\u00eda Moraga i Jorge Jim\u00e9nez.<\/p>\n","protected":false},"featured_media":22260,"template":"","meta":{"inline_featured_image":false},"categories":[1207],"content-type":[1170],"product_tag":[],"acf":[],"post_class":["post-65419","product","type-product","status-publish","has-post-thumbnail","hentry","category-qualitat-de-laire","content-type-ponencies","wordpress-sticky"],"_links":{"self":[{"href":"https:\/\/www.fundacionnaturgy.org\/ca\/wp-json\/wp\/v2\/product\/65419"}],"collection":[{"href":"https:\/\/www.fundacionnaturgy.org\/ca\/wp-json\/wp\/v2\/product"}],"about":[{"href":"https:\/\/www.fundacionnaturgy.org\/ca\/wp-json\/wp\/v2\/types\/product"}],"wp:featuredmedia":[{"embeddable":true,"href":"https:\/\/www.fundacionnaturgy.org\/ca\/wp-json\/wp\/v2\/media\/22260"}],"wp:attachment":[{"href":"https:\/\/www.fundacionnaturgy.org\/ca\/wp-json\/wp\/v2\/media?parent=65419"}],"wp:term":[{"taxonomy":"category","embeddable":true,"href":"https:\/\/www.fundacionnaturgy.org\/ca\/wp-json\/wp\/v2\/categories?post=65419"},{"taxonomy":"content-type","embeddable":true,"href":"https:\/\/www.fundacionnaturgy.org\/ca\/wp-json\/wp\/v2\/content-type?post=65419"},{"taxonomy":"product_tag","embeddable":true,"href":"https:\/\/www.fundacionnaturgy.org\/ca\/wp-json\/wp\/v2\/product_tag?post=65419"}],"curies":[{"name":"wp","href":"https:\/\/api.w.org\/{rel}","templated":true}]}}