{"id":65591,"date":"2019-07-15T09:59:53","date_gmt":"2019-07-15T07:59:53","guid":{"rendered":"https:\/\/www.fundacionnaturgy.org\/producto\/ponencies-dels-juliols-digitalitzacio-casos-practics-a-7-sectors-barcelona\/"},"modified":"2020-02-27T15:54:33","modified_gmt":"2020-02-27T14:54:33","slug":"ponencies-dels-juliols-digitalitzacio-casos-practics-a-7-sectors-barcelona","status":"publish","type":"product","link":"https:\/\/www.fundacionnaturgy.org\/ca\/publicacion\/ponencies-dels-juliols-digitalitzacio-casos-practics-a-7-sectors-barcelona\/","title":{"rendered":"Pon\u00e8ncies d\u2019Els Juliols \u201cDigitalitzaci\u00f3: casos pr\u00e0ctics a 7 sectors\u201d. Barcelona"},"content":{"rendered":"<p>Aqu\u00ed pots trobar les pon\u00e8ncies de la jornada Els Juliols celebrada a Barcelona el dia 9 de juliol de 2019 sobre la digitalitzaci\u00f3, amb la intervenci\u00f3 de: Antoni Garrell, Beatriz von Munthe Af Morgenstierne Ramirez, Xavier Bomb\u00ed, Carlos Rabazo, Fernando J. Garc\u00eda Pardo, Ingrid de la Fuente i Diego Viu.<\/p>\n","protected":false},"excerpt":{"rendered":"<p>Aqu\u00ed pots trobar les pon\u00e8ncies de la jornada \u201cEls Juliools\u201d celebrada a Barcelona el dia 9 de juliol de 2019 sobre la digitatlitzaci\u00f3, amb la intervenci\u00f3 de: Antoni Garrell, Beatriz von Munthe Af Morgenstierne Ramirez, Xavier Bomb\u00ed, Carlos Rabazo, Fernando J. Garc\u00eda Pardo, Ingrid de la Fuente i Diego Viu.<\/p>\n","protected":false},"featured_media":31487,"template":"","meta":{"inline_featured_image":false},"categories":[1204],"content-type":[1170],"product_tag":[],"acf":[],"post_class":["post-65591","product","type-product","status-publish","has-post-thumbnail","hentry","category-innovacio-tecnologica","content-type-ponencies","wordpress-sticky"],"_links":{"self":[{"href":"https:\/\/www.fundacionnaturgy.org\/ca\/wp-json\/wp\/v2\/product\/65591"}],"collection":[{"href":"https:\/\/www.fundacionnaturgy.org\/ca\/wp-json\/wp\/v2\/product"}],"about":[{"href":"https:\/\/www.fundacionnaturgy.org\/ca\/wp-json\/wp\/v2\/types\/product"}],"wp:featuredmedia":[{"embeddable":true,"href":"https:\/\/www.fundacionnaturgy.org\/ca\/wp-json\/wp\/v2\/media\/31487"}],"wp:attachment":[{"href":"https:\/\/www.fundacionnaturgy.org\/ca\/wp-json\/wp\/v2\/media?parent=65591"}],"wp:term":[{"taxonomy":"category","embeddable":true,"href":"https:\/\/www.fundacionnaturgy.org\/ca\/wp-json\/wp\/v2\/categories?post=65591"},{"taxonomy":"content-type","embeddable":true,"href":"https:\/\/www.fundacionnaturgy.org\/ca\/wp-json\/wp\/v2\/content-type?post=65591"},{"taxonomy":"product_tag","embeddable":true,"href":"https:\/\/www.fundacionnaturgy.org\/ca\/wp-json\/wp\/v2\/product_tag?post=65591"}],"curies":[{"name":"wp","href":"https:\/\/api.w.org\/{rel}","templated":true}]}}