{"id":66340,"date":"2019-09-25T13:43:36","date_gmt":"2019-09-25T11:43:36","guid":{"rendered":"https:\/\/www.fundacionnaturgy.org\/producto\/la-descarbonitzacio-del-mercat-energetic-europeu\/"},"modified":"2020-02-27T11:37:53","modified_gmt":"2020-02-27T10:37:53","slug":"la-descarbonitzacio-del-mercat-energetic-europeu","status":"publish","type":"product","link":"https:\/\/www.fundacionnaturgy.org\/ca\/publicacion\/la-descarbonitzacio-del-mercat-energetic-europeu\/","title":{"rendered":"La descarbonitzaci\u00f3 del mercat energ\u00e8tic europeu"},"content":{"rendered":"<p>Els objectius b\u00e0sics de la pol\u00edtica europea s\u2019han mantingut constants, en teoria, des que es van definir per primera vegada el 2005 a la Cimera de Hampton Court, on es van establir les bases de la pol\u00edtica energ\u00e8tica moderna de la UE. Els caps d\u2019Estat i de Govern van establir el model per a un sistema energ\u00e8tic basat en objectius equitatius i equilibrats sobre sostenibilitat (lluita contra el canvi clim\u00e0tic), competitivitat i seguretat energ\u00e8tica.<\/p>\n","protected":false},"excerpt":{"rendered":"<p>Els objectius b\u00e0sics de la pol\u00edtica europea s\u2019han mantingut constants, en teoria, des que es van definir per primera vegada el 2005 a la Cimera de Hampton Court, on es van establir les bases de la pol\u00edtica energ\u00e8tica moderna de la UE. Els caps d\u2019Estat i de Govern van establir el model per a un sistema energ\u00e8tic basat en objectius equitatius i equilibrats sobre sostenibilitat (lluita contra el canvi clim\u00e0tic), competitivitat i seguretat energ\u00e8tica.<\/p>\n","protected":false},"featured_media":66250,"template":"","meta":{"inline_featured_image":false},"categories":[1201,1202,1204,1205,1208],"content-type":[1166],"product_tag":[],"acf":[],"post_class":["post-66340","product","type-product","status-publish","has-post-thumbnail","hentry","category-energia-i-transport","category-energies-renovables","category-innovacio-tecnologica","category-medi-ambient","category-transicio-energetica","content-type-articles-e-informes","wordpress-sticky"],"_links":{"self":[{"href":"https:\/\/www.fundacionnaturgy.org\/ca\/wp-json\/wp\/v2\/product\/66340"}],"collection":[{"href":"https:\/\/www.fundacionnaturgy.org\/ca\/wp-json\/wp\/v2\/product"}],"about":[{"href":"https:\/\/www.fundacionnaturgy.org\/ca\/wp-json\/wp\/v2\/types\/product"}],"wp:featuredmedia":[{"embeddable":true,"href":"https:\/\/www.fundacionnaturgy.org\/ca\/wp-json\/wp\/v2\/media\/66250"}],"wp:attachment":[{"href":"https:\/\/www.fundacionnaturgy.org\/ca\/wp-json\/wp\/v2\/media?parent=66340"}],"wp:term":[{"taxonomy":"category","embeddable":true,"href":"https:\/\/www.fundacionnaturgy.org\/ca\/wp-json\/wp\/v2\/categories?post=66340"},{"taxonomy":"content-type","embeddable":true,"href":"https:\/\/www.fundacionnaturgy.org\/ca\/wp-json\/wp\/v2\/content-type?post=66340"},{"taxonomy":"product_tag","embeddable":true,"href":"https:\/\/www.fundacionnaturgy.org\/ca\/wp-json\/wp\/v2\/product_tag?post=66340"}],"curies":[{"name":"wp","href":"https:\/\/api.w.org\/{rel}","templated":true}]}}