{"id":67127,"date":"2019-10-10T12:04:44","date_gmt":"2019-10-10T10:04:44","guid":{"rendered":"https:\/\/www.fundacionnaturgy.org\/producto\/ponencies-generacio-electrica-distribuida-impactes-i-implementacio-santiago-de-compostel%c2%b7la\/"},"modified":"2020-02-27T15:54:19","modified_gmt":"2020-02-27T14:54:19","slug":"ponencies-generacio-electrica-distribuida-impactes-i-implementacio-santiago-de-compostel%c2%b7la","status":"publish","type":"product","link":"https:\/\/www.fundacionnaturgy.org\/ca\/publicacion\/ponencies-generacio-electrica-distribuida-impactes-i-implementacio-santiago-de-compostel%c2%b7la\/","title":{"rendered":"Pon\u00e8ncies \u201cGeneraci\u00f3 el\u00e8ctrica distribu\u00efda: impactes i implementaci\u00f3\u201d. Santiago de Compostel\u00b7la"},"content":{"rendered":"<p>Aqu\u00ed pots trobar les pon\u00e8ncies del seminari \u201cGeneraci\u00f3 el\u00e8ctrica distribu\u00efda: impactes i implementaci\u00f3\u201d celebrat a Santiago de Compostel\u00b7la el dia 8 d\u2019octubre de 2019, amb la intervenci\u00f3 de: Pablo Fr\u00edas, Juan Bogas, Jorge Hidalgo, Franc Comino, Jos\u00e9 Antonio de Lama i Lucienne Krosse.<\/p>\n","protected":false},"excerpt":{"rendered":"<p>Aqu\u00ed pots trobar les pon\u00e8ncies del seminari \u201cGeneraci\u00f3 el\u00e8ctrica distribu\u00efda: impactes i implementaci\u00f3\u201d celebrat a Santiago de Compostel\u00b7la el dia 8 d\u2019octubre de 2019, amb la intervenci\u00f3 de: Pablo Fr\u00edas, Juan Bogas, Jorge Hidalgo, Franc Comino, Jos\u00e9 Antonio de Lama i Lucienne Krosse.<\/p>\n","protected":false},"featured_media":66771,"template":"","meta":{"inline_featured_image":false},"categories":[1208],"content-type":[1170],"product_tag":[],"acf":[],"post_class":["post-67127","product","type-product","status-publish","has-post-thumbnail","hentry","category-transicio-energetica","content-type-ponencies","wordpress-sticky"],"_links":{"self":[{"href":"https:\/\/www.fundacionnaturgy.org\/ca\/wp-json\/wp\/v2\/product\/67127"}],"collection":[{"href":"https:\/\/www.fundacionnaturgy.org\/ca\/wp-json\/wp\/v2\/product"}],"about":[{"href":"https:\/\/www.fundacionnaturgy.org\/ca\/wp-json\/wp\/v2\/types\/product"}],"wp:featuredmedia":[{"embeddable":true,"href":"https:\/\/www.fundacionnaturgy.org\/ca\/wp-json\/wp\/v2\/media\/66771"}],"wp:attachment":[{"href":"https:\/\/www.fundacionnaturgy.org\/ca\/wp-json\/wp\/v2\/media?parent=67127"}],"wp:term":[{"taxonomy":"category","embeddable":true,"href":"https:\/\/www.fundacionnaturgy.org\/ca\/wp-json\/wp\/v2\/categories?post=67127"},{"taxonomy":"content-type","embeddable":true,"href":"https:\/\/www.fundacionnaturgy.org\/ca\/wp-json\/wp\/v2\/content-type?post=67127"},{"taxonomy":"product_tag","embeddable":true,"href":"https:\/\/www.fundacionnaturgy.org\/ca\/wp-json\/wp\/v2\/product_tag?post=67127"}],"curies":[{"name":"wp","href":"https:\/\/api.w.org\/{rel}","templated":true}]}}