{"id":68685,"date":"2019-11-05T09:50:01","date_gmt":"2019-11-05T08:50:01","guid":{"rendered":"https:\/\/www.fundacionnaturgy.org\/producto\/la-pobresa-energetica-a-espanya-aproximacio-des-duna-perspectiva-dingressos\/"},"modified":"2020-02-27T15:42:04","modified_gmt":"2020-02-27T14:42:04","slug":"la-pobresa-energetica-a-espanya-aproximacio-des-duna-perspectiva-dingressos","status":"publish","type":"product","link":"https:\/\/www.fundacionnaturgy.org\/ca\/publicacion\/la-pobresa-energetica-a-espanya-aproximacio-des-duna-perspectiva-dingressos\/","title":{"rendered":"La pobresa energ\u00e8tica a Espanya. Aproximaci\u00f3 des d\u2019una perspectiva d\u2019ingressos"},"content":{"rendered":"<p>La pobresa energ\u00e8tica \u00e9s un tema de creixent inter\u00e8s tant en l\u2019\u00e0mbit social com en el pol\u00edtic i empresarial. Els responsables de les pol\u00edtiques p\u00fabliques mostren una preocupaci\u00f3 creixent per aquest aspecte particular de la pobresa de la poblaci\u00f3. L\u2019enfocament de les pol\u00edtiques p\u00fabliques a Espanya dels darrers anys dista de donar una soluci\u00f3 adequada a un problema que fonamentalment no se circumscriu al sector energ\u00e8tic. Les actuacions proposades afirmen que part del cost de fer front a la pobresa energ\u00e8tica ha de ser finan\u00e7at per part de les empreses del sector; aquesta visi\u00f3 \u00e9s incorrecta, no nom\u00e9s perqu\u00e8 \u00e9s regressiva i ineficient, sin\u00f3 perqu\u00e8 no busca resoldre la veritable naturalesa del problema.<\/p>\n","protected":false},"excerpt":{"rendered":"<p>La pobresa energ\u00e8tica \u00e9s un tema de creixent inter\u00e8s tant en l\u2019\u00e0mbit social com en el pol\u00edtic i empresarial. Els responsables de les pol\u00edtiques p\u00fabliques mostren una preocupaci\u00f3 creixent per aquest aspecte particular de la pobresa de la poblaci\u00f3. L\u2019enfocament de les pol\u00edtiques p\u00fabliques a Espanya dels darrers anys dista de donar una soluci\u00f3 adequada a un problema que fonamentalment no se circumscriu al sector energ\u00e8tic. Les actuacions proposades afirmen que part del cost de fer front a la pobresa energ\u00e8tica ha de ser finan\u00e7at per part de les empreses del sector; aquesta visi\u00f3 \u00e9s incorrecta, no nom\u00e9s perqu\u00e8 \u00e9s regressiva i ineficient, sin\u00f3 perqu\u00e8 no busca resoldre la veritable naturalesa del problema.<\/p>\n","protected":false},"featured_media":68634,"template":"","meta":{"inline_featured_image":false},"categories":[1209],"content-type":[1168],"product_tag":[916],"acf":[],"post_class":["post-68685","product","type-product","status-publish","has-post-thumbnail","hentry","category-vulnerabilitat-energetica","content-type-llibres","product_tag-vulnerabilitat-energetica-ca","wordpress-sticky"],"_links":{"self":[{"href":"https:\/\/www.fundacionnaturgy.org\/ca\/wp-json\/wp\/v2\/product\/68685"}],"collection":[{"href":"https:\/\/www.fundacionnaturgy.org\/ca\/wp-json\/wp\/v2\/product"}],"about":[{"href":"https:\/\/www.fundacionnaturgy.org\/ca\/wp-json\/wp\/v2\/types\/product"}],"wp:featuredmedia":[{"embeddable":true,"href":"https:\/\/www.fundacionnaturgy.org\/ca\/wp-json\/wp\/v2\/media\/68634"}],"wp:attachment":[{"href":"https:\/\/www.fundacionnaturgy.org\/ca\/wp-json\/wp\/v2\/media?parent=68685"}],"wp:term":[{"taxonomy":"category","embeddable":true,"href":"https:\/\/www.fundacionnaturgy.org\/ca\/wp-json\/wp\/v2\/categories?post=68685"},{"taxonomy":"content-type","embeddable":true,"href":"https:\/\/www.fundacionnaturgy.org\/ca\/wp-json\/wp\/v2\/content-type?post=68685"},{"taxonomy":"product_tag","embeddable":true,"href":"https:\/\/www.fundacionnaturgy.org\/ca\/wp-json\/wp\/v2\/product_tag?post=68685"}],"curies":[{"name":"wp","href":"https:\/\/api.w.org\/{rel}","templated":true}]}}