{"id":69199,"date":"2019-11-18T16:21:10","date_gmt":"2019-11-18T15:21:10","guid":{"rendered":"https:\/\/www.fundacionnaturgy.org\/producto\/ponencies-rehabilitacio-energetica-de-les-estrategies-politiques-a-la-practica-barcelona\/"},"modified":"2020-02-27T15:54:01","modified_gmt":"2020-02-27T14:54:01","slug":"ponencies-rehabilitacio-energetica-de-les-estrategies-politiques-a-la-practica-barcelona","status":"publish","type":"product","link":"https:\/\/www.fundacionnaturgy.org\/ca\/publicacion\/ponencies-rehabilitacio-energetica-de-les-estrategies-politiques-a-la-practica-barcelona\/","title":{"rendered":"Pon\u00e8ncies \u201cRehabilitaci\u00f3 energ\u00e8tica: de les estrat\u00e8gies pol\u00edtiques a la pr\u00e0ctica\u201d. Barcelona"},"content":{"rendered":"<p>Aqu\u00ed pots trobar les pon\u00e8ncies de la jornada &#8220;Rehabilitaci\u00f3 energ\u00e8tica: de les estrat\u00e8gies pol\u00edtiques a la pr\u00e0ctica&#8221; celebrada a Barcelona el dia\u00a018 de novembre de 2019, amb la intervenci\u00f3 de: Eulalia Figuerola, Jordi Amela, Luiskar Delgado, Jordi\u00a0Ayats,\u00a0Gustaf Landahl\u00a0i Miguel\u00a0\u00c1ngel Garc\u00eda.<\/p>\n","protected":false},"excerpt":{"rendered":"<p>Aqu\u00ed pots trobar les pon\u00e8ncies de la jornada &#8220;Rehabilitaci\u00f3 energ\u00e8tica: de les estrat\u00e8gies pol\u00edtiques a la pr\u00e0ctica&#8221; celebrada a Barcelona el dia\u00a018 de novembre de 2019, amb la intervenci\u00f3 de: Eulalia Figuerola, Jordi Amela, Luiskar Delgado, Jordi Ayats, Gustaf Landahl i Miguel \u00c1ngel Garc\u00eda.<\/p>\n","protected":false},"featured_media":67586,"template":"","meta":{"inline_featured_image":false},"categories":[1204,1205,1207,1208,1209],"content-type":[1170],"product_tag":[],"acf":[],"post_class":["post-69199","product","type-product","status-publish","has-post-thumbnail","hentry","category-innovacio-tecnologica","category-medi-ambient","category-qualitat-de-laire","category-transicio-energetica","category-vulnerabilitat-energetica","content-type-ponencies","wordpress-sticky"],"_links":{"self":[{"href":"https:\/\/www.fundacionnaturgy.org\/ca\/wp-json\/wp\/v2\/product\/69199"}],"collection":[{"href":"https:\/\/www.fundacionnaturgy.org\/ca\/wp-json\/wp\/v2\/product"}],"about":[{"href":"https:\/\/www.fundacionnaturgy.org\/ca\/wp-json\/wp\/v2\/types\/product"}],"wp:featuredmedia":[{"embeddable":true,"href":"https:\/\/www.fundacionnaturgy.org\/ca\/wp-json\/wp\/v2\/media\/67586"}],"wp:attachment":[{"href":"https:\/\/www.fundacionnaturgy.org\/ca\/wp-json\/wp\/v2\/media?parent=69199"}],"wp:term":[{"taxonomy":"category","embeddable":true,"href":"https:\/\/www.fundacionnaturgy.org\/ca\/wp-json\/wp\/v2\/categories?post=69199"},{"taxonomy":"content-type","embeddable":true,"href":"https:\/\/www.fundacionnaturgy.org\/ca\/wp-json\/wp\/v2\/content-type?post=69199"},{"taxonomy":"product_tag","embeddable":true,"href":"https:\/\/www.fundacionnaturgy.org\/ca\/wp-json\/wp\/v2\/product_tag?post=69199"}],"curies":[{"name":"wp","href":"https:\/\/api.w.org\/{rel}","templated":true}]}}