{"id":69280,"date":"2019-11-20T13:17:50","date_gmt":"2019-11-20T12:17:50","guid":{"rendered":"https:\/\/www.fundacionnaturgy.org\/producto\/presentacio-miguel-angel-lasheras-el-sector-espanyol-del-gas-natural-en-xifres-madrid\/"},"modified":"2020-02-27T15:53:54","modified_gmt":"2020-02-27T14:53:54","slug":"presentacio-miguel-angel-lasheras-el-sector-espanyol-del-gas-natural-en-xifres-madrid","status":"publish","type":"product","link":"https:\/\/www.fundacionnaturgy.org\/ca\/publicacion\/presentacio-miguel-angel-lasheras-el-sector-espanyol-del-gas-natural-en-xifres-madrid\/","title":{"rendered":"Presentaci\u00f3 Miguel \u00c1ngel Lasheras \u201cEl sector espanyol del gas natural en xifres\u201d. Madrid"},"content":{"rendered":"<p>Aqu\u00ed pots trobar la intervenci\u00f3 de Miguel \u00c1ngel Lasheras durant la presentaci\u00f3 de l\u2019\u201cInforme 2018. El sector espanyol del gas natural en xifres\u201d, celebrada a Madrid el dia 20 de novembre de 2019.<\/p>\n","protected":false},"excerpt":{"rendered":"<p>Aqu\u00ed pots trobar la intervenci\u00f3 de Miguel \u00c1ngel Lasheras durant la presentaci\u00f3 de l\u2019\u201cInforme 2018. El sector espanyol del gas natural en xifres\u201d, celebrada a Madrid el dia 20 de novembre de 2019.<\/p>\n","protected":false},"featured_media":69235,"template":"","meta":{"inline_featured_image":false},"categories":[1205,1207,1208],"content-type":[1170],"product_tag":[],"acf":[],"post_class":["post-69280","product","type-product","status-publish","has-post-thumbnail","hentry","category-medi-ambient","category-qualitat-de-laire","category-transicio-energetica","content-type-ponencies","wordpress-sticky"],"_links":{"self":[{"href":"https:\/\/www.fundacionnaturgy.org\/ca\/wp-json\/wp\/v2\/product\/69280"}],"collection":[{"href":"https:\/\/www.fundacionnaturgy.org\/ca\/wp-json\/wp\/v2\/product"}],"about":[{"href":"https:\/\/www.fundacionnaturgy.org\/ca\/wp-json\/wp\/v2\/types\/product"}],"wp:featuredmedia":[{"embeddable":true,"href":"https:\/\/www.fundacionnaturgy.org\/ca\/wp-json\/wp\/v2\/media\/69235"}],"wp:attachment":[{"href":"https:\/\/www.fundacionnaturgy.org\/ca\/wp-json\/wp\/v2\/media?parent=69280"}],"wp:term":[{"taxonomy":"category","embeddable":true,"href":"https:\/\/www.fundacionnaturgy.org\/ca\/wp-json\/wp\/v2\/categories?post=69280"},{"taxonomy":"content-type","embeddable":true,"href":"https:\/\/www.fundacionnaturgy.org\/ca\/wp-json\/wp\/v2\/content-type?post=69280"},{"taxonomy":"product_tag","embeddable":true,"href":"https:\/\/www.fundacionnaturgy.org\/ca\/wp-json\/wp\/v2\/product_tag?post=69280"}],"curies":[{"name":"wp","href":"https:\/\/api.w.org\/{rel}","templated":true}]}}