{"id":69282,"date":"2019-11-20T13:33:33","date_gmt":"2019-11-20T12:33:33","guid":{"rendered":"https:\/\/www.fundacionnaturgy.org\/producto\/informe-2018-el-sector-espanyol-del-gas-natural-en-xifres\/"},"modified":"2020-02-27T11:37:24","modified_gmt":"2020-02-27T10:37:24","slug":"informe-2018-el-sector-espanyol-del-gas-natural-en-xifres","status":"publish","type":"product","link":"https:\/\/www.fundacionnaturgy.org\/ca\/publicacion\/informe-2018-el-sector-espanyol-del-gas-natural-en-xifres\/","title":{"rendered":"Informe 2018. El sector espanyol del gas natural en xifres"},"content":{"rendered":"<p>El sector gasista en gaireb\u00e9 tots els pa\u00efsos, i sens dubte a Espanya, \u00e9s un sector \u00e0mpliament regulat. Per aix\u00f2, diversos organismes p\u00fablics i institucions en controlen i supervisen les activitats i els resultats. Com a conseq\u00fc\u00e8ncia, cada any es produeix una publicaci\u00f3 molt elevada de dades t\u00e8cniques, operatives i econ\u00f2miques de l\u2019activitat del sector que \u2013literalment\u2013 inunden l\u2019atenci\u00f3 dels responsables de les empreses, dels mitjans de comunicaci\u00f3 i del p\u00fablic en general. A Espanya sobresurten per la seva import\u00e0ncia les publicacions del Ministeri encarregat dels assumptes energ\u00e8tics, dels organismes reguladors, de l\u2019operador del sistema i de les mateixes empreses. Davant d\u2019aquesta situaci\u00f3, la Fundaci\u00f3 Naturgy ha decidit iniciar la publicaci\u00f3 anual d\u2019un informe que reculli, agrupi i presenti de manera \u00e0mplia, omnicomprensiva i senzilla les dades del sector gasista espanyol de cada any natural, recalcant especialment les de naturalesa econ\u00f2mica.<\/p>\n","protected":false},"excerpt":{"rendered":"<p>El sector gasista en gaireb\u00e9 tots els pa\u00efsos, i sens dubte a Espanya, \u00e9s un sector \u00e0mpliament regulat. Per aix\u00f2, diversos organismes p\u00fablics i institucions en controlen i supervisen les activitats i els resultats. Com a conseq\u00fc\u00e8ncia, cada any es produeix una publicaci\u00f3 molt elevada de dades t\u00e8cniques, operatives i econ\u00f2miques de l\u2019activitat del sector que \u2013literalment\u2013 inunden l\u2019atenci\u00f3 dels responsables de les empreses, dels mitjans de comunicaci\u00f3 i del p\u00fablic en general. A Espanya sobresurten per la seva import\u00e0ncia les publicacions del Ministeri encarregat dels assumptes energ\u00e8tics, dels organismes reguladors, de l\u2019operador del sistema i de les mateixes empreses. Davant d\u2019aquesta situaci\u00f3, la Fundaci\u00f3 Naturgy ha decidit iniciar la publicaci\u00f3 anual d\u2019un informe que reculli, agrupi i presenti de manera \u00e0mplia, omnicomprensiva i senzilla les dades del sector gasista espanyol de cada any natural, recalcant especialment les de naturalesa econ\u00f2mica.<\/p>\n","protected":false},"featured_media":69239,"template":"","meta":{"inline_featured_image":false},"categories":[1205,1207,1208],"content-type":[1166],"product_tag":[],"acf":[],"post_class":["post-69282","product","type-product","status-publish","has-post-thumbnail","hentry","category-medi-ambient","category-qualitat-de-laire","category-transicio-energetica","content-type-articles-e-informes","wordpress-sticky"],"_links":{"self":[{"href":"https:\/\/www.fundacionnaturgy.org\/ca\/wp-json\/wp\/v2\/product\/69282"}],"collection":[{"href":"https:\/\/www.fundacionnaturgy.org\/ca\/wp-json\/wp\/v2\/product"}],"about":[{"href":"https:\/\/www.fundacionnaturgy.org\/ca\/wp-json\/wp\/v2\/types\/product"}],"wp:featuredmedia":[{"embeddable":true,"href":"https:\/\/www.fundacionnaturgy.org\/ca\/wp-json\/wp\/v2\/media\/69239"}],"wp:attachment":[{"href":"https:\/\/www.fundacionnaturgy.org\/ca\/wp-json\/wp\/v2\/media?parent=69282"}],"wp:term":[{"taxonomy":"category","embeddable":true,"href":"https:\/\/www.fundacionnaturgy.org\/ca\/wp-json\/wp\/v2\/categories?post=69282"},{"taxonomy":"content-type","embeddable":true,"href":"https:\/\/www.fundacionnaturgy.org\/ca\/wp-json\/wp\/v2\/content-type?post=69282"},{"taxonomy":"product_tag","embeddable":true,"href":"https:\/\/www.fundacionnaturgy.org\/ca\/wp-json\/wp\/v2\/product_tag?post=69282"}],"curies":[{"name":"wp","href":"https:\/\/api.w.org\/{rel}","templated":true}]}}