{"id":69284,"date":"2019-11-20T15:25:19","date_gmt":"2019-11-20T14:25:19","guid":{"rendered":"https:\/\/www.fundacionnaturgy.org\/producto\/la-tarifa-del-gas-dels-costos-al-preu-final\/"},"modified":"2020-02-27T15:41:36","modified_gmt":"2020-02-27T14:41:36","slug":"la-tarifa-del-gas-dels-costos-al-preu-final","status":"publish","type":"product","link":"https:\/\/www.fundacionnaturgy.org\/ca\/publicacion\/la-tarifa-del-gas-dels-costos-al-preu-final\/","title":{"rendered":"La tarifa del gas. Dels costos al preu final"},"content":{"rendered":"<p>Espanya es troba en un proc\u00e9s de transici\u00f3 energ\u00e8tica marcada pels ambiciosos objectius de reducci\u00f3 d\u2019emissions<br \/>\nde gasos amb efecte d\u2019hivernacle i d\u2019impuls de les energies renovables establerts per la Uni\u00f3 Europea, que impliquen sobretot la progressiva eliminaci\u00f3 dels combustibles d\u2019origen f\u00f2ssil.\u00a0Aquests objectius inclouen assolir el 20% del<br \/>\nconsum d\u2019energia provinent de fonts d\u2019origen renovable el 2020 i el 32% el 2030,\u00a0segons l\u2019acord assolit el juny de 2018\u00a0per la Comissi\u00f3, el Parlament i el Consell\u00a0de la Uni\u00f3 Europea.<\/p>\n","protected":false},"excerpt":{"rendered":"<p>Espanya es troba en un proc\u00e9s de transici\u00f3 energ\u00e8tica marcada pels ambiciosos objectius de reducci\u00f3 d\u2019emissions de gasos amb efecte d\u2019hivernacle i d\u2019impuls de les energies renovables establerts per la Uni\u00f3 Europea, que impliquen sobretot la progressiva eliminaci\u00f3 dels combustibles d\u2019origen f\u00f2ssil. Aquests objectius inclouen assolir el 20% del consum d\u2019energia provinent de fonts d\u2019origen renovable el 2020 i el 32% el 2030,\u00a0segons l\u2019acord assolit el juny de 2018\u00a0per la Comissi\u00f3, el Parlament i el Consell\u00a0de la Uni\u00f3 Europea.<\/p>\n","protected":false},"featured_media":69246,"template":"","meta":{"inline_featured_image":false},"categories":[1201,1205,1207,1208],"content-type":[1168],"product_tag":[],"acf":[],"post_class":["post-69284","product","type-product","status-publish","has-post-thumbnail","hentry","category-energia-i-transport","category-medi-ambient","category-qualitat-de-laire","category-transicio-energetica","content-type-llibres","wordpress-sticky"],"_links":{"self":[{"href":"https:\/\/www.fundacionnaturgy.org\/ca\/wp-json\/wp\/v2\/product\/69284"}],"collection":[{"href":"https:\/\/www.fundacionnaturgy.org\/ca\/wp-json\/wp\/v2\/product"}],"about":[{"href":"https:\/\/www.fundacionnaturgy.org\/ca\/wp-json\/wp\/v2\/types\/product"}],"wp:featuredmedia":[{"embeddable":true,"href":"https:\/\/www.fundacionnaturgy.org\/ca\/wp-json\/wp\/v2\/media\/69246"}],"wp:attachment":[{"href":"https:\/\/www.fundacionnaturgy.org\/ca\/wp-json\/wp\/v2\/media?parent=69284"}],"wp:term":[{"taxonomy":"category","embeddable":true,"href":"https:\/\/www.fundacionnaturgy.org\/ca\/wp-json\/wp\/v2\/categories?post=69284"},{"taxonomy":"content-type","embeddable":true,"href":"https:\/\/www.fundacionnaturgy.org\/ca\/wp-json\/wp\/v2\/content-type?post=69284"},{"taxonomy":"product_tag","embeddable":true,"href":"https:\/\/www.fundacionnaturgy.org\/ca\/wp-json\/wp\/v2\/product_tag?post=69284"}],"curies":[{"name":"wp","href":"https:\/\/api.w.org\/{rel}","templated":true}]}}