{"id":69499,"date":"2019-11-15T11:59:03","date_gmt":"2019-11-15T10:59:03","guid":{"rendered":"https:\/\/www.fundacionnaturgy.org\/producto\/ponencia-de-vaclav-smil-desenvolupant-la-transicio-energetica-i-el-paper-del-gas-natural-madrid\/"},"modified":"2020-02-27T15:54:08","modified_gmt":"2020-02-27T14:54:08","slug":"ponencia-de-vaclav-smil-desenvolupant-la-transicio-energetica-i-el-paper-del-gas-natural-madrid","status":"publish","type":"product","link":"https:\/\/www.fundacionnaturgy.org\/ca\/publicacion\/ponencia-de-vaclav-smil-desenvolupant-la-transicio-energetica-i-el-paper-del-gas-natural-madrid\/","title":{"rendered":"Pon\u00e8ncia Vaclav Smil &#8220;Desenvolupant la transici\u00f3 energ\u00e8tica i el paper del gas natural&#8221;. Madrid"},"content":{"rendered":"<p>El cient\u00edfic Vaclav Smil va intervenir el passat 14 de novembre en la segona sessi\u00f3 del cicle de confer\u00e8ncies \u2018talkson\u2019 de la Fundaci\u00f3 Naturgy, posant de relleu el paper del gas natural en la descarbonitzaci\u00f3 i l\u2019efici\u00e8ncia energ\u00e8tica. Smil va assegurar: &#8220;tenim un sistema mundial de subministrament d\u2019energia que dep\u00e8n en gran manera dels combustibles f\u00f2ssils; la seva substituci\u00f3 per noves disposicions basades en les energies renovables \u00e9s una tasca que ens ocupar\u00e0 necess\u00e0riament durant les generacions que vindran&#8221;.<\/p>\n<p><strong>Per\u00a0veure\u00a0la\u00a0intervenci\u00f3\u00a0de\u00a0Vaclav\u00a0Smil\u00a0en\u00a0v\u00eddeo,\u00a0fes\u00a0clic\u00a0<a href=\"https:\/\/www.youtube.com\/watch?v=Za4Q0w5WEZ0&amp;t=272s\">aqu\u00ed<\/a><\/strong>.<\/p>\n","protected":false},"excerpt":{"rendered":"<p>El cient\u00edfic Vaclav Smil va intervenir el passat 14 de novembre en la segona sessi\u00f3 del cicle de confer\u00e8ncies \u2018talkson\u2019 de la Fundaci\u00f3 Naturgy, posant de relleu el paper del gas natural en la descarbonitzaci\u00f3 i l\u2019efici\u00e8ncia energ\u00e8tica. Smil va assegurar: &#8220;tenim un sistema mundial de subministrament d\u2019energia que dep\u00e8n en gran manera dels combustibles f\u00f2ssils; la seva substituci\u00f3 per noves disposicions basades en les energies renovables \u00e9s una tasca que ens ocupar\u00e0 necess\u00e0riament durant les generacions que vindran&#8221;.<\/p>\n<p><strong>Per\u00a0veure\u00a0la\u00a0intervenci\u00f3\u00a0de\u00a0Vaclav\u00a0Smil\u00a0en\u00a0v\u00eddeo,\u00a0fes\u00a0clic\u00a0<a href=\"https:\/\/www.youtube.com\/watch?v=Za4Q0w5WEZ0&amp;t=272s\">aqu\u00ed<\/a><\/strong>.<\/p>\n","protected":false},"featured_media":69003,"template":"","meta":{"inline_featured_image":false},"categories":[1200,1202,1207,1208],"content-type":[1170],"product_tag":[],"acf":[],"post_class":["post-69499","product","type-product","status-publish","has-post-thumbnail","hentry","category-eficiencia-energetica-ca","category-energies-renovables","category-qualitat-de-laire","category-transicio-energetica","content-type-ponencies","wordpress-sticky"],"_links":{"self":[{"href":"https:\/\/www.fundacionnaturgy.org\/ca\/wp-json\/wp\/v2\/product\/69499"}],"collection":[{"href":"https:\/\/www.fundacionnaturgy.org\/ca\/wp-json\/wp\/v2\/product"}],"about":[{"href":"https:\/\/www.fundacionnaturgy.org\/ca\/wp-json\/wp\/v2\/types\/product"}],"wp:featuredmedia":[{"embeddable":true,"href":"https:\/\/www.fundacionnaturgy.org\/ca\/wp-json\/wp\/v2\/media\/69003"}],"wp:attachment":[{"href":"https:\/\/www.fundacionnaturgy.org\/ca\/wp-json\/wp\/v2\/media?parent=69499"}],"wp:term":[{"taxonomy":"category","embeddable":true,"href":"https:\/\/www.fundacionnaturgy.org\/ca\/wp-json\/wp\/v2\/categories?post=69499"},{"taxonomy":"content-type","embeddable":true,"href":"https:\/\/www.fundacionnaturgy.org\/ca\/wp-json\/wp\/v2\/content-type?post=69499"},{"taxonomy":"product_tag","embeddable":true,"href":"https:\/\/www.fundacionnaturgy.org\/ca\/wp-json\/wp\/v2\/product_tag?post=69499"}],"curies":[{"name":"wp","href":"https:\/\/api.w.org\/{rel}","templated":true}]}}