{"id":69938,"date":"2020-02-03T12:38:14","date_gmt":"2020-02-03T11:38:14","guid":{"rendered":"https:\/\/www.fundacionnaturgy.org\/producto\/situacio-economicofinancera-de-les-principals-empreses-del-sector-electric-a-espanya-2016-2018\/"},"modified":"2020-02-27T11:32:54","modified_gmt":"2020-02-27T10:32:54","slug":"situacio-economicofinancera-de-les-principals-empreses-del-sector-electric-a-espanya-2016-2018","status":"publish","type":"product","link":"https:\/\/www.fundacionnaturgy.org\/ca\/publicacion\/situacio-economicofinancera-de-les-principals-empreses-del-sector-electric-a-espanya-2016-2018\/","title":{"rendered":"Situaci\u00f3 economicofinancera de les principals empreses del Sector El\u00e8ctric a Espanya 2016-2018"},"content":{"rendered":"<p>L\u2019objectiu d\u2019aquest document, elaborat per a la Fundaci\u00f3 Naturgy, \u00e9s presentar la situaci\u00f3 economicofinancera de les activitats el\u00e8ctriques a Espanya (generaci\u00f3 i comercialitzaci\u00f3, de manera agregada, i distribuci\u00f3) de les principals empreses del sector. Per a aix\u00f2 s\u2019ha recopilat, analitzat i agregat la informaci\u00f3 continguda en els comptes anuals auditats. Als efectes d\u2019aquest document, les refer\u00e8ncies realitzades al sector energ\u00e8tic o les activitats energ\u00e8tiques a Espanya s\u2019han d\u2019entendre com les corresponents a les empreses objecte d\u2019an\u00e0lisi.<\/p>\n","protected":false},"excerpt":{"rendered":"<p>L\u2019objectiu d\u2019aquest document, elaborat per a la Fundaci\u00f3 Naturgy, \u00e9s presentar la situaci\u00f3 economicofinancera de les activitats el\u00e8ctriques a Espanya (generaci\u00f3 i comercialitzaci\u00f3, de manera agregada, i distribuci\u00f3) de les principals empreses del sector. Per a aix\u00f2 s\u2019ha recopilat, analitzat i agregat la informaci\u00f3 continguda en els comptes anuals auditats. Als efectes d\u2019aquest document, les refer\u00e8ncies realitzades al sector energ\u00e8tic o les activitats energ\u00e8tiques a Espanya s\u2019han d\u2019entendre com les corresponents a les empreses objecte d\u2019an\u00e0lisi.<\/p>\n","protected":false},"featured_media":69880,"template":"","meta":{"inline_featured_image":false},"categories":[1202,1205,1208],"content-type":[1166],"product_tag":[],"acf":[],"post_class":["post-69938","product","type-product","status-publish","has-post-thumbnail","hentry","category-energies-renovables","category-medi-ambient","category-transicio-energetica","content-type-articles-e-informes","wordpress-sticky"],"_links":{"self":[{"href":"https:\/\/www.fundacionnaturgy.org\/ca\/wp-json\/wp\/v2\/product\/69938"}],"collection":[{"href":"https:\/\/www.fundacionnaturgy.org\/ca\/wp-json\/wp\/v2\/product"}],"about":[{"href":"https:\/\/www.fundacionnaturgy.org\/ca\/wp-json\/wp\/v2\/types\/product"}],"wp:featuredmedia":[{"embeddable":true,"href":"https:\/\/www.fundacionnaturgy.org\/ca\/wp-json\/wp\/v2\/media\/69880"}],"wp:attachment":[{"href":"https:\/\/www.fundacionnaturgy.org\/ca\/wp-json\/wp\/v2\/media?parent=69938"}],"wp:term":[{"taxonomy":"category","embeddable":true,"href":"https:\/\/www.fundacionnaturgy.org\/ca\/wp-json\/wp\/v2\/categories?post=69938"},{"taxonomy":"content-type","embeddable":true,"href":"https:\/\/www.fundacionnaturgy.org\/ca\/wp-json\/wp\/v2\/content-type?post=69938"},{"taxonomy":"product_tag","embeddable":true,"href":"https:\/\/www.fundacionnaturgy.org\/ca\/wp-json\/wp\/v2\/product_tag?post=69938"}],"curies":[{"name":"wp","href":"https:\/\/api.w.org\/{rel}","templated":true}]}}