{"id":70277,"date":"2020-02-13T11:11:13","date_gmt":"2020-02-13T10:11:13","guid":{"rendered":"https:\/\/www.fundacionnaturgy.org\/producto\/ponencies-canvi-de-model-energetic-per-millorar-la-qualitat-de-laire-sevilla\/"},"modified":"2020-02-18T11:10:46","modified_gmt":"2020-02-18T10:10:46","slug":"ponencies-canvi-de-model-energetic-per-millorar-la-qualitat-de-laire-sevilla","status":"publish","type":"product","link":"https:\/\/www.fundacionnaturgy.org\/ca\/publicacion\/ponencies-canvi-de-model-energetic-per-millorar-la-qualitat-de-laire-sevilla\/","title":{"rendered":"Pon\u00e8ncies \u201cCanvi de model energ\u00e8tic per millorar la qualitat de l\u2019aire\u201d. Sevilla"},"content":{"rendered":"<p>Aqu\u00ed pots trobar les pon\u00e8ncies del seminari &#8220;Canvi de model energ\u00e8tic per millorar la qualitat de l\u2019aire&#8221;, celebrat a Sevilla\u00a0el dia\u00a012 de febrer de 2020, amb la intervenci\u00f3 de: Vicente\u00a0Cort\u00e9s, Jes\u00fas de la Rosa, Crist\u00f3bal\u00a0S\u00e1nchez, Jaime\u00a0Briales i Juan\u00a0Azc\u00e1rate.<\/p>\n","protected":false},"excerpt":{"rendered":"<p>Aqu\u00ed pots trobar les pon\u00e8ncies del seminari &#8220;Canvi de model energ\u00e8tic per millorar la qualitat de l\u2019aire&#8221;, celebrat a Sevilla\u00a0el dia\u00a012 de febrer de 2020, amb la intervenci\u00f3 de: Vicente Cort\u00e9s, Jes\u00fas de la Rosa, Crist\u00f3bal S\u00e1nchez, Jaime Briales i Juan Azc\u00e1rate.<\/p>\n","protected":false},"featured_media":67586,"template":"","meta":{"inline_featured_image":false},"categories":[1201,1202,1205,1207,1208],"content-type":[1170],"product_tag":[],"acf":[],"post_class":["post-70277","product","type-product","status-publish","has-post-thumbnail","hentry","category-energia-i-transport","category-energies-renovables","category-medi-ambient","category-qualitat-de-laire","category-transicio-energetica","content-type-ponencies","wordpress-sticky"],"_links":{"self":[{"href":"https:\/\/www.fundacionnaturgy.org\/ca\/wp-json\/wp\/v2\/product\/70277"}],"collection":[{"href":"https:\/\/www.fundacionnaturgy.org\/ca\/wp-json\/wp\/v2\/product"}],"about":[{"href":"https:\/\/www.fundacionnaturgy.org\/ca\/wp-json\/wp\/v2\/types\/product"}],"wp:featuredmedia":[{"embeddable":true,"href":"https:\/\/www.fundacionnaturgy.org\/ca\/wp-json\/wp\/v2\/media\/67586"}],"wp:attachment":[{"href":"https:\/\/www.fundacionnaturgy.org\/ca\/wp-json\/wp\/v2\/media?parent=70277"}],"wp:term":[{"taxonomy":"category","embeddable":true,"href":"https:\/\/www.fundacionnaturgy.org\/ca\/wp-json\/wp\/v2\/categories?post=70277"},{"taxonomy":"content-type","embeddable":true,"href":"https:\/\/www.fundacionnaturgy.org\/ca\/wp-json\/wp\/v2\/content-type?post=70277"},{"taxonomy":"product_tag","embeddable":true,"href":"https:\/\/www.fundacionnaturgy.org\/ca\/wp-json\/wp\/v2\/product_tag?post=70277"}],"curies":[{"name":"wp","href":"https:\/\/api.w.org\/{rel}","templated":true}]}}