{"id":72139,"date":"2020-04-24T11:29:42","date_gmt":"2020-04-24T09:29:42","guid":{"rendered":"https:\/\/www.fundacionnaturgy.org\/producto\/evolucio-de-les-emissions-de-gasos-amb-efecte-dhivernacle-a-espanya-2005-2018\/"},"modified":"2020-05-20T12:43:20","modified_gmt":"2020-05-20T10:43:20","slug":"evolucio-de-les-emissions-de-gasos-amb-efecte-dhivernacle-a-espanya-2005-2018","status":"publish","type":"product","link":"https:\/\/www.fundacionnaturgy.org\/ca\/publicacion\/evolucio-de-les-emissions-de-gasos-amb-efecte-dhivernacle-a-espanya-2005-2018\/","title":{"rendered":"Evoluci\u00f3 de les emissions de gasos amb efecte d\u2019hivernacle a Espanya 2005-2018"},"content":{"rendered":null,"protected":false},"excerpt":{"rendered":"<p>L\u2019estudi mostra l\u2019evoluci\u00f3 de les emissions de gasos amb efecte d\u2019hivernacle a Espanya des que es va iniciar l\u2019aplicaci\u00f3 del r\u00e8gim de comer\u00e7 de drets d\u2019emissi\u00f3.\u00a0Els autors han recopilat i analitzat les dades de les emissions per sectors i activitats econ\u00f2miques, i la seva evoluci\u00f3 al llarg del per\u00edode\u00a0ha representat una reducci\u00f3 del 25%.<\/p>\n<p>Per veure el <strong>v\u00eddeo\u00a0resum<\/strong>, fes\u00a0clic aqu\u00ed:<\/p>\n<p><a href=\"https:\/\/youtu.be\/m6dxHqxUVgw\" target=\"_blank\"><img loading=\"lazy\" class=\"alignnone wp-image-72089 size-full\" src=\"https:\/\/www.fundacionnaturgy.org\/wp-content\/uploads\/2020\/04\/captura-1.jpg\" width=\"276\" height=\"207\" srcset=\"https:\/\/www.fundacionnaturgy.org\/wp-content\/uploads\/2020\/04\/captura-1.jpg 276w, https:\/\/www.fundacionnaturgy.org\/wp-content\/uploads\/2020\/04\/captura-1-187x140.jpg 187w\" sizes=\"(max-width: 276px) 100vw, 276px\" \/><\/a><\/p>\n","protected":false},"featured_media":73103,"template":"","meta":{"inline_featured_image":false},"categories":[1202,1205,1207,1208],"content-type":[1166,1169],"product_tag":[],"acf":[],"post_class":["post-72139","product","type-product","status-publish","has-post-thumbnail","hentry","category-energies-renovables","category-medi-ambient","category-qualitat-de-laire","category-transicio-energetica","content-type-articles-e-informes","content-type-videos","wordpress-sticky"],"_links":{"self":[{"href":"https:\/\/www.fundacionnaturgy.org\/ca\/wp-json\/wp\/v2\/product\/72139"}],"collection":[{"href":"https:\/\/www.fundacionnaturgy.org\/ca\/wp-json\/wp\/v2\/product"}],"about":[{"href":"https:\/\/www.fundacionnaturgy.org\/ca\/wp-json\/wp\/v2\/types\/product"}],"wp:featuredmedia":[{"embeddable":true,"href":"https:\/\/www.fundacionnaturgy.org\/ca\/wp-json\/wp\/v2\/media\/73103"}],"wp:attachment":[{"href":"https:\/\/www.fundacionnaturgy.org\/ca\/wp-json\/wp\/v2\/media?parent=72139"}],"wp:term":[{"taxonomy":"category","embeddable":true,"href":"https:\/\/www.fundacionnaturgy.org\/ca\/wp-json\/wp\/v2\/categories?post=72139"},{"taxonomy":"content-type","embeddable":true,"href":"https:\/\/www.fundacionnaturgy.org\/ca\/wp-json\/wp\/v2\/content-type?post=72139"},{"taxonomy":"product_tag","embeddable":true,"href":"https:\/\/www.fundacionnaturgy.org\/ca\/wp-json\/wp\/v2\/product_tag?post=72139"}],"curies":[{"name":"wp","href":"https:\/\/api.w.org\/{rel}","templated":true}]}}