{"id":72448,"date":"2020-06-03T12:26:43","date_gmt":"2020-06-03T10:26:43","guid":{"rendered":"https:\/\/www.fundacionnaturgy.org\/?post_type=product&#038;p=72448&#038;lang=ca"},"modified":"2021-04-22T08:19:33","modified_gmt":"2021-04-22T06:19:33","slug":"els-gasos-renovables-un-vector-energetic-emergent","status":"publish","type":"product","link":"https:\/\/www.fundacionnaturgy.org\/ca\/publicacion\/els-gasos-renovables-un-vector-energetic-emergent\/","title":{"rendered":"Els gasos renovables. Un vector energ\u00e8tic emergent"},"content":{"rendered":"<p>La introducci\u00f3 massiva dels gasos renovables a Espanya podria arribar a reduir m\u00e9s del 10% de les emissions de gasos amb efecte d\u2019hivernacle previstes per al 2030. Per aconseguir-ho, s\u00f3n necess\u00e0ries pol\u00edtiques decidides per a l\u2019\u00fas i la implantaci\u00f3 d\u2019aquest nou vector energ\u00e8tic.\u00a0Aquestes s\u00f3n algunes de les principals conclusions del nou llibre publicat per la Fundaci\u00f3 Naturgy, Els gasos renovables. Un vector energ\u00e8tic emergent.<\/p>\n","protected":false},"excerpt":{"rendered":"<p>La introducci\u00f3 massiva dels gasos renovables a Espanya podria arribar a reduir m\u00e9s del 10% de les emissions de gasos amb efecte d\u2019hivernacle previstes per al 2030. Per aconseguir-ho, s\u00f3n necess\u00e0ries pol\u00edtiques decidides per a l\u2019\u00fas i la implantaci\u00f3 d\u2019aquest nou vector energ\u00e8tic. Aquestes s\u00f3n algunes de les principals conclusions del nou llibre publicat per la Fundaci\u00f3 Naturgy, Els gasos renovables. Un vector energ\u00e8tic emergent.<\/p>\n","protected":false},"featured_media":78318,"template":"","meta":{"inline_featured_image":false},"categories":[1202,1205,1207,1208],"content-type":[1168,1169],"product_tag":[],"acf":[],"post_class":["post-72448","product","type-product","status-publish","has-post-thumbnail","hentry","category-energies-renovables","category-medi-ambient","category-qualitat-de-laire","category-transicio-energetica","content-type-llibres","content-type-videos","wordpress-sticky"],"_links":{"self":[{"href":"https:\/\/www.fundacionnaturgy.org\/ca\/wp-json\/wp\/v2\/product\/72448"}],"collection":[{"href":"https:\/\/www.fundacionnaturgy.org\/ca\/wp-json\/wp\/v2\/product"}],"about":[{"href":"https:\/\/www.fundacionnaturgy.org\/ca\/wp-json\/wp\/v2\/types\/product"}],"wp:featuredmedia":[{"embeddable":true,"href":"https:\/\/www.fundacionnaturgy.org\/ca\/wp-json\/wp\/v2\/media\/78318"}],"wp:attachment":[{"href":"https:\/\/www.fundacionnaturgy.org\/ca\/wp-json\/wp\/v2\/media?parent=72448"}],"wp:term":[{"taxonomy":"category","embeddable":true,"href":"https:\/\/www.fundacionnaturgy.org\/ca\/wp-json\/wp\/v2\/categories?post=72448"},{"taxonomy":"content-type","embeddable":true,"href":"https:\/\/www.fundacionnaturgy.org\/ca\/wp-json\/wp\/v2\/content-type?post=72448"},{"taxonomy":"product_tag","embeddable":true,"href":"https:\/\/www.fundacionnaturgy.org\/ca\/wp-json\/wp\/v2\/product_tag?post=72448"}],"curies":[{"name":"wp","href":"https:\/\/api.w.org\/{rel}","templated":true}]}}