{"id":72815,"date":"2020-06-30T09:50:16","date_gmt":"2020-06-30T07:50:16","guid":{"rendered":"https:\/\/www.fundacionnaturgy.org\/producto\/informe-2019-el-sector-espanyol-del-gas-natural-en-xifres\/"},"modified":"2020-12-16T15:21:28","modified_gmt":"2020-12-16T14:21:28","slug":"informe-2019-el-sector-espanyol-del-gas-natural-en-xifres","status":"publish","type":"product","link":"https:\/\/www.fundacionnaturgy.org\/ca\/publicacion\/informe-2019-el-sector-espanyol-del-gas-natural-en-xifres\/","title":{"rendered":"Informe 2019. El sector espanyol del gas natural en xifres"},"content":{"rendered":"<p>Presentem\u00a0el segon <strong>informe anual<\/strong> sobre <strong><i>El sector espanyol del gas natural en n\u00fameros<\/i><\/strong>. L\u2019informe recull de manera senzilla totes les dades oficials publicades d\u2019aquesta activitat, i remarca especialment les de naturalesa econ\u00f2mica. \u00c9s una recopilaci\u00f3 ordenada de tota la informaci\u00f3 corresponent a l\u2019<strong>any 2019<\/strong>complementada amb la del per\u00edode 2015-2019, per poder comprendre millor l\u2019evoluci\u00f3 d\u2019aquest sector econ\u00f2mic.<\/p>\n","protected":false},"excerpt":{"rendered":"<p>Presentem el segon <strong>informe anual<\/strong> sobre <strong><i>El sector espanyol del gas natural en n\u00fameros<\/i><\/strong>. L\u2019informe recull de manera senzilla totes les dades oficials publicades d\u2019aquesta activitat, i remarca especialment les de naturalesa econ\u00f2mica. \u00c9s una recopilaci\u00f3 ordenada de tota la informaci\u00f3 corresponent a l\u2019<strong>any 2019<\/strong>complementada amb la del per\u00edode 2015-2019, per poder comprendre millor l\u2019evoluci\u00f3 d\u2019aquest sector econ\u00f2mic.<\/p>\n<p>Per veure el<strong> v\u00eddeo resum<\/strong>:<\/p>\n<p><a href=\"https:\/\/youtu.be\/4Ei_irChHD4\" target=\"_blank\"><img loading=\"lazy\" class=\"alignnone size-medium wp-image-72797\" src=\"https:\/\/www.fundacionnaturgy.org\/wp-content\/uploads\/2020\/07\/infobox_right_video2-300x222.jpg\" alt=\"InfoBox_right_video2.\" width=\"300\" height=\"222\" srcset=\"https:\/\/www.fundacionnaturgy.org\/wp-content\/uploads\/2020\/07\/infobox_right_video2-300x222.jpg 300w, https:\/\/www.fundacionnaturgy.org\/wp-content\/uploads\/2020\/07\/infobox_right_video2-190x140.jpg 190w, https:\/\/www.fundacionnaturgy.org\/wp-content\/uploads\/2020\/07\/infobox_right_video2.jpg 677w\" sizes=\"(max-width: 300px) 100vw, 300px\" \/><\/a><\/p>\n","protected":false},"featured_media":72788,"template":"","meta":{"inline_featured_image":false},"categories":[1205,1207,1208],"content-type":[1166,1169],"product_tag":[],"acf":[],"post_class":["post-72815","product","type-product","status-publish","has-post-thumbnail","hentry","category-medi-ambient","category-qualitat-de-laire","category-transicio-energetica","content-type-articles-e-informes","content-type-videos","wordpress-sticky"],"_links":{"self":[{"href":"https:\/\/www.fundacionnaturgy.org\/ca\/wp-json\/wp\/v2\/product\/72815"}],"collection":[{"href":"https:\/\/www.fundacionnaturgy.org\/ca\/wp-json\/wp\/v2\/product"}],"about":[{"href":"https:\/\/www.fundacionnaturgy.org\/ca\/wp-json\/wp\/v2\/types\/product"}],"wp:featuredmedia":[{"embeddable":true,"href":"https:\/\/www.fundacionnaturgy.org\/ca\/wp-json\/wp\/v2\/media\/72788"}],"wp:attachment":[{"href":"https:\/\/www.fundacionnaturgy.org\/ca\/wp-json\/wp\/v2\/media?parent=72815"}],"wp:term":[{"taxonomy":"category","embeddable":true,"href":"https:\/\/www.fundacionnaturgy.org\/ca\/wp-json\/wp\/v2\/categories?post=72815"},{"taxonomy":"content-type","embeddable":true,"href":"https:\/\/www.fundacionnaturgy.org\/ca\/wp-json\/wp\/v2\/content-type?post=72815"},{"taxonomy":"product_tag","embeddable":true,"href":"https:\/\/www.fundacionnaturgy.org\/ca\/wp-json\/wp\/v2\/product_tag?post=72815"}],"curies":[{"name":"wp","href":"https:\/\/api.w.org\/{rel}","templated":true}]}}