{"id":74811,"date":"2020-11-02T08:26:13","date_gmt":"2020-11-02T07:26:13","guid":{"rendered":"https:\/\/www.fundacionnaturgy.org\/?post_type=product&#038;p=74811&#038;lang=ca"},"modified":"2021-03-05T11:11:44","modified_gmt":"2021-03-05T10:11:44","slug":"hidrogen-vector-energetic-duna-economia-descarbonitzada","status":"publish","type":"product","link":"https:\/\/www.fundacionnaturgy.org\/ca\/publicacion\/hidrogen-vector-energetic-duna-economia-descarbonitzada\/","title":{"rendered":"Hidrogen. Vector energ\u00e8tic d\u2019una economia descarbonitzada"},"content":{"rendered":"<p>L\u2019hidrogen ser\u00e0 un element essencial del Pacte Verd de la Uni\u00f3 Europea i del cam\u00ed cap als objectius energ\u00e8tics d\u2019Europa per a l\u2019any 2050. Aquesta \u00e9s una de les principals conclusions d\u2019un nou llibre publicat per Fundaci\u00f3 Naturgy, <strong>Hidr\u00f3geno. Vector energ\u00e9tico de una econom\u00eda descarbonizada.<\/strong><\/p>\n","protected":false},"excerpt":{"rendered":"<p>L\u2019hidrogen ser\u00e0 un element essencial del Pacte Verd de la Uni\u00f3 Europea i del cam\u00ed cap als objectius energ\u00e8tics d\u2019Europa per a l\u2019any 2050. Aquesta \u00e9s una de les principals conclusions d\u2019un nou llibre publicat per Fundaci\u00f3 Naturgy, <strong>Hidr\u00f3geno. Vector energ\u00e9tico de una econom\u00eda descarbonizada.<\/strong><\/p>\n<p style=\"text-align: center;\"><strong>Per veure el v\u00eddeo resum:<\/strong><\/p>\n<p><a href=\"https:\/\/youtu.be\/vNNIe7etnyk\" target=\"blank\"><img loading=\"lazy\" class=\"wp-image-73160 aligncenter\" src=\"https:\/\/www.fundacionnaturgy.org\/wp-content\/uploads\/2020\/07\/img_video_hidrogeno_2.jpg\" alt=\"img_video_Hidrogeno_2\" width=\"516\" height=\"382\" srcset=\"https:\/\/www.fundacionnaturgy.org\/wp-content\/uploads\/2020\/07\/img_video_hidrogeno_2.jpg 677w, https:\/\/www.fundacionnaturgy.org\/wp-content\/uploads\/2020\/07\/img_video_hidrogeno_2-300x222.jpg 300w, https:\/\/www.fundacionnaturgy.org\/wp-content\/uploads\/2020\/07\/img_video_hidrogeno_2-190x140.jpg 190w\" sizes=\"(max-width: 516px) 100vw, 516px\" \/><\/a><\/p>\n<p>&nbsp;<\/p>\n<p style=\"text-align: center;\"><strong>Per\u00a0veure\u00a0el\u00a0v\u00eddeo\u00a0webinar:<\/strong><\/p>\n<p><a href=\"https:\/\/youtu.be\/d58lHAnWGt0\"><img loading=\"lazy\" class=\"wp-image-76086 aligncenter\" src=\"https:\/\/www.fundacionnaturgy.org\/wp-content\/uploads\/2020\/11\/captura.png\" alt=\"Captura\" width=\"625\" height=\"363\" srcset=\"https:\/\/www.fundacionnaturgy.org\/wp-content\/uploads\/2020\/11\/captura.png 1013w, https:\/\/www.fundacionnaturgy.org\/wp-content\/uploads\/2020\/11\/captura-300x174.png 300w, https:\/\/www.fundacionnaturgy.org\/wp-content\/uploads\/2020\/11\/captura-768x446.png 768w, https:\/\/www.fundacionnaturgy.org\/wp-content\/uploads\/2020\/11\/captura-241x140.png 241w\" sizes=\"(max-width: 625px) 100vw, 625px\" \/><\/a><\/p>\n","protected":false},"featured_media":73158,"template":"","meta":{"inline_featured_image":false},"categories":[1208],"content-type":[1168,1169],"product_tag":[],"acf":[],"post_class":["post-74811","product","type-product","status-publish","has-post-thumbnail","hentry","category-transicio-energetica","content-type-llibres","content-type-videos","wordpress-sticky"],"_links":{"self":[{"href":"https:\/\/www.fundacionnaturgy.org\/ca\/wp-json\/wp\/v2\/product\/74811"}],"collection":[{"href":"https:\/\/www.fundacionnaturgy.org\/ca\/wp-json\/wp\/v2\/product"}],"about":[{"href":"https:\/\/www.fundacionnaturgy.org\/ca\/wp-json\/wp\/v2\/types\/product"}],"wp:featuredmedia":[{"embeddable":true,"href":"https:\/\/www.fundacionnaturgy.org\/ca\/wp-json\/wp\/v2\/media\/73158"}],"wp:attachment":[{"href":"https:\/\/www.fundacionnaturgy.org\/ca\/wp-json\/wp\/v2\/media?parent=74811"}],"wp:term":[{"taxonomy":"category","embeddable":true,"href":"https:\/\/www.fundacionnaturgy.org\/ca\/wp-json\/wp\/v2\/categories?post=74811"},{"taxonomy":"content-type","embeddable":true,"href":"https:\/\/www.fundacionnaturgy.org\/ca\/wp-json\/wp\/v2\/content-type?post=74811"},{"taxonomy":"product_tag","embeddable":true,"href":"https:\/\/www.fundacionnaturgy.org\/ca\/wp-json\/wp\/v2\/product_tag?post=74811"}],"curies":[{"name":"wp","href":"https:\/\/api.w.org\/{rel}","templated":true}]}}