{"id":75130,"date":"2020-09-28T14:34:56","date_gmt":"2020-09-28T12:34:56","guid":{"rendered":"https:\/\/www.fundacionnaturgy.org\/?post_type=product&#038;p=75130&#038;lang=ca"},"modified":"2021-01-25T09:10:33","modified_gmt":"2021-01-25T08:10:33","slug":"seminari-web-presentacio-del-llibre-sector-coupling-una-vision-para-espana","status":"publish","type":"product","link":"https:\/\/www.fundacionnaturgy.org\/ca\/publicacion\/seminari-web-presentacio-del-llibre-sector-coupling-una-vision-para-espana\/","title":{"rendered":"Seminari web presentaci\u00f3 del llibre &#8220;Sector coupling. Una visi\u00f3n para Espa\u00f1a&#8221;"},"content":{"rendered":"<p><strong>La integraci\u00f3 dels sistemes de gas i electricitat<\/strong> (sector coupling) \u00e9s fonamental per aconseguir els objectius de reducci\u00f3 d\u2019emissions el 2050 i, a Espanya, pot generar uns estalvis de m\u00e9s de 2.000 milions d\u2019euros anuals respecte a un sistema basat nom\u00e9s en l\u2019electricitat i el seu emmagatzematge.<\/p>\n<p>&nbsp;<\/p>\n","protected":false},"excerpt":{"rendered":"<p><strong>La integraci\u00f3 dels sistemes de gas i electricitat<\/strong> (sector coupling) \u00e9s fonamental per aconseguir els objectius de reducci\u00f3 d\u2019emissions el 2050 i, a Espanya, pot generar uns estalvis de m\u00e9s de 2.000 milions d\u2019euros anuals respecte a un sistema basat nom\u00e9s en l\u2019electricitat i el seu emmagatzematge.<\/p>\n<p style=\"text-align: center;\"><strong>Veure\u00a0v\u00eddeo\u00a0resum<\/strong><\/p>\n<p style=\"text-align: center;\"><a href=\"https:\/\/www.youtube.com\/watch?v=HmXTghiGqHs&amp;feature=youtu.be\"><img loading=\"lazy\" class=\"wp-image-75123\" src=\"https:\/\/www.fundacionnaturgy.org\/wp-content\/uploads\/2020\/09\/webinar_sectorcoupling-video.png\" alt=\"webinar_SectorCoupling VIDEO\" width=\"536\" height=\"393\" srcset=\"https:\/\/www.fundacionnaturgy.org\/wp-content\/uploads\/2020\/09\/webinar_sectorcoupling-video.png 480w, https:\/\/www.fundacionnaturgy.org\/wp-content\/uploads\/2020\/09\/webinar_sectorcoupling-video-300x219.png 300w, https:\/\/www.fundacionnaturgy.org\/wp-content\/uploads\/2020\/09\/webinar_sectorcoupling-video-191x140.png 191w\" sizes=\"(max-width: 536px) 100vw, 536px\" \/><\/a><\/p>\n<p>&nbsp;<\/p>\n<p>&nbsp;<\/p>\n","protected":false},"featured_media":75154,"template":"","meta":{"inline_featured_image":false},"categories":[1208],"content-type":[1166,1169],"product_tag":[],"acf":[],"post_class":["post-75130","product","type-product","status-publish","has-post-thumbnail","hentry","category-transicio-energetica","content-type-articles-e-informes","content-type-videos","wordpress-sticky"],"_links":{"self":[{"href":"https:\/\/www.fundacionnaturgy.org\/ca\/wp-json\/wp\/v2\/product\/75130"}],"collection":[{"href":"https:\/\/www.fundacionnaturgy.org\/ca\/wp-json\/wp\/v2\/product"}],"about":[{"href":"https:\/\/www.fundacionnaturgy.org\/ca\/wp-json\/wp\/v2\/types\/product"}],"wp:featuredmedia":[{"embeddable":true,"href":"https:\/\/www.fundacionnaturgy.org\/ca\/wp-json\/wp\/v2\/media\/75154"}],"wp:attachment":[{"href":"https:\/\/www.fundacionnaturgy.org\/ca\/wp-json\/wp\/v2\/media?parent=75130"}],"wp:term":[{"taxonomy":"category","embeddable":true,"href":"https:\/\/www.fundacionnaturgy.org\/ca\/wp-json\/wp\/v2\/categories?post=75130"},{"taxonomy":"content-type","embeddable":true,"href":"https:\/\/www.fundacionnaturgy.org\/ca\/wp-json\/wp\/v2\/content-type?post=75130"},{"taxonomy":"product_tag","embeddable":true,"href":"https:\/\/www.fundacionnaturgy.org\/ca\/wp-json\/wp\/v2\/product_tag?post=75130"}],"curies":[{"name":"wp","href":"https:\/\/api.w.org\/{rel}","templated":true}]}}